{"id":16257,"date":"2025-03-19T20:29:04","date_gmt":"2025-03-19T19:29:04","guid":{"rendered":"https:\/\/cmh-academy.com\/european-bachelor-in-hotel-and-tourism-management\/"},"modified":"2025-05-09T17:46:56","modified_gmt":"2025-05-09T15:46:56","slug":"european-bachelor-in-hotel-and-tourism-management","status":"publish","type":"page","link":"https:\/\/cmh-academy.com\/en\/european-bachelor-in-hotel-and-tourism-management\/","title":{"rendered":"EUROPEAN BACHELOR IN HOTEL AND TOURISM MANAGEMENT"},"content":{"rendered":"<p>[vc_section el_class=&#8221;header-cmh&#8221;][vc_row full_width=&#8221;stretch_row_content_no_spaces&#8221; full_height=&#8221;yes&#8221; css=&#8221;.vc_custom_1547818909355{background-image: url(http:\/\/cmh-academy.com\/wp-content\/uploads\/2019\/01\/admission.jpg?id=972) !important;background-position: center !important;background-repeat: no-repeat !important;background-size: cover !important;}&#8221;][vc_column][vc_column_text el_class=&#8221;text_on_img&#8221;]<\/p>\n<h1 id=\"title-secondRow-firstSection\" style=\"text-align: center;\">European Bachelor in Hotel and Tourism Management<\/h1>\n<p>&nbsp;<\/p>\n<p style=\"text-align: center;\">PROFESSIONAL QUALIFICATION &#8220;BUSINESS DEVELOPMENT MANAGER&#8221;<br \/>\nREGISTERED FOR 3 YEARS IN THE RNCP n\u00b0 37849 ON 19\/07\/2023 ISSUED BY IMCP<\/p>\n<p>[\/vc_column_text][\/vc_column][\/vc_row][\/vc_section][vc_section][vc_row][vc_column][vc_column_text el_class=&#8221;golden-dots&#8221;]<\/p>\n<p style=\"text-align: justify;\">Les enseignements propos\u00e9s par nos intervenants professionnels, tous issus du secteur de l\u2019h\u00f4tellerie et du monde du luxe, permettent aux \u00e9tudiants de b\u00e9n\u00e9ficier d\u2019une compr\u00e9hension globale et d\u2019une vision \u00e0 360\u00b0 de l\u2019environnement dans lequels ils vont \u00eatre amen\u00e9s \u00e0 \u00e9voluer. Plus encore, les stages et missions obligatoires en entreprise contribuent au d\u00e9veloppement de leurs comp\u00e9tences, \u00e0 forger leur exp\u00e9rience professionnelle, tout en enrichissant leur r\u00e9seau relationnel.<\/p>\n<p>[\/vc_column_text][vc_column_text]<strong>Objectives &amp; skills<\/strong><\/p>\n<p style=\"text-align: justify;\">Business development managers have responsibilities of varying degrees in the development and implementation of commercial strategy, and are responsible for some or all of the inherent activities. The complexity of the job also depends to a large extent on the business sector, the level of competition in the market and the company&#8217;s location (regional, national, international). The role of the business development manager is essential, and requires a diversified recruitment and training strategy to meet market needs and anticipate future challenges.<\/p>\n<ul>\n<li>Understand the hotel, tourism and luxury market and how it is changing in France and internationally<\/li>\n<li>A 360\u00b0 view of the business environment and management<\/li>\n<li>Draw up hotel development strategies<\/li>\n<li>Manage and coordinate relevant marketing initiatives<\/li>\n<li>Master the codes of excellence and savoir-\u00eatre of the luxury sector<\/li>\n<li>Steering the operational development of the sales action plan<\/li>\n<li>Develop the company&#8217;s growth strategy<\/li>\n<li>Manage a sales team<\/li>\n<\/ul>\n<p>[\/vc_column_text][vc_column_text]<strong>Programmes<\/strong><\/p>\n<div class=\"ewa-rteLine\">MANAGING THE OPERATIONAL DEVELOPMENT OF THE SALES ACTION PLAN (195h +\/- 10%)<\/div>\n<ul>\n<li><strong>Market research \u2018The marketing approach&#8221; :<\/strong><br \/>\n1. Market research &#8211; <em>Strategic Marketing\u00a0(19h)<\/em><br \/>\n2. Market research &#8211; <em>Luxury culture<em><em>\u00a0(6h)<\/em><\/em><\/em><\/li>\n<li><strong>Strategic diagnosis :\u00a0<\/strong><br \/>\n1. Strategic diagnosis &#8211; <em>Strategic Marketing\u00a0(18h)<\/em><br \/>\n2. Strategic diagnosis &#8211; <em>Luxury culture<em><em>\u00a0(6h)<\/em><\/em><\/em><\/li>\n<li><strong>Commercial action research :<br \/>\n<\/strong>1. Sales action research<em><em>\u00a0(48h)<\/em><\/em><\/li>\n<li><strong>Sales action plan :<br \/>\n<\/strong>1. Sales action plan (49h)<br \/>\n2. Sales action plan &#8211; <em>Focus on hotels &amp; CSR<em>\u00a0(15h)<br \/>\n3. Sales action plan &#8211; Luxury Study Tour (6h)<\/em><\/em><\/li>\n<li><strong>Tutoring, exams and preparation for the Grand Oral :<br \/>\n<\/strong>1. Tutoring, exams and independent work (23h)<\/li>\n<\/ul>\n<p>&nbsp;<\/p>\n<div class=\"ewa-rteLine\">\n<div class=\"ewa-rteLine\">DEVELOPING THE COMPANY&#8217;S GROWTH STRATEGY (200h +\/- 10%)<\/div>\n<\/div>\n<ul>\n<li><strong>The company&#8217;s commercial strategy :<\/strong><br \/>\n1. Company sales strategy<em>\u00a0(18h)<\/em><\/li>\n<li><strong>Customer typology :<br \/>\n<\/strong>1. Customer typology &#8211; <em>Excellence Service: typology of national and international hotel customers (III)\u00a0(18h)<br \/>\n2. Customer typology &#8211; Codes of elegance (15h)<br \/>\n<\/em><\/li>\n<li><strong>Price action :<\/strong><br \/>\n1. Price action &#8211; Revenue Management<em>\u00a0(18h)<\/em><\/li>\n<li><strong>Action through marketing :<br \/>\n<\/strong>1. Action through marketing &#8211; <em>Luxury Brand Management\u00a0(30h)<\/em><br \/>\n2. Action through marketing &#8211; <em>Commercial negotiations and partnerships\u00a0(30h)<\/em><br \/>\n3. Action through marketing &#8211; <em>Building customer loyalty &amp; CRM\u00a0(30h)<\/em><br \/>\n4. Action through marketing &#8211; <em>Conflict management\u00a0(12h)<\/em><\/li>\n<li><strong>Tutoring, exams and preparation for the oral :<br \/>\n<\/strong>1. Tutoring, examinations and independent work <em>(32h)<\/em><\/li>\n<\/ul>\n<p>&nbsp;<\/p>\n<div class=\"ewa-rteLine\">\n<div class=\"ewa-rteLine\">MANAGING A SALES TEAM (155h +\/- 10%)<\/div>\n<\/div>\n<ul>\n<li><strong>Recruitment :<\/strong><br \/>\n1. Recruitment<em>\u00a0(31h)<br \/>\n2. Recruitment &#8211; Management in English (18h)<br \/>\n3. Recruitment in Foreign Languages (20h)<\/em><\/li>\n<li><strong>Sales force management :<br \/>\n<\/strong>1. Sales force management &#8211; Team management<em>\u00a0<\/em><em>(72h)<br \/>\n<\/em><\/li>\n<li><strong>Tutoring, exams and preparation for the oral exam :<\/strong><br \/>\n1. Tutoring and independent work<em>\u00a0(31h)<\/em><\/li>\n<\/ul>\n<p>&nbsp;<\/p>\n<div class=\"ewa-rteLine\">\n<div class=\"ewa-rteLine\">ADDITIONAL COURSES<\/div>\n<\/div>\n<ul>\n<li>Chinese or Russian<\/li>\n<li>Job Dating<\/li>\n<li>Professionalisation<\/li>\n<\/ul>\n<p>[\/vc_column_text][vc_column_text]<strong>Prerequisites and parallel admission<\/strong><\/p>\n<ul>\n<li>Admission to 1st year: Bac or level 4 professional qualification<\/li>\n<li>Admission to 2nd year: Bac + 1 (level 4 diploma and one year&#8217;s higher education related to the certification)<\/li>\n<li>Admission to 3rd year: Bac+2 or validated level 5 certification or validated level 4 diploma and proof of 2 years&#8217; professional experience related to the certification.<\/li>\n<li>Possibility of applying for an exemption (subject to conditions)<\/li>\n<\/ul>\n<p>[\/vc_column_text][vc_column_text]<strong>Terms and conditions of access<\/strong><\/p>\n<ul>\n<li>Admission by competitive examination and interview<\/li>\n<li>You will be notified of the results of the competitive entrance examination within 72 hours.<\/li>\n<li>Our teams will then guide you through the enrolment procedure.<\/li>\n<li>Once your application has been validated, you will become a CMH student for the current academic year.<\/li>\n<\/ul>\n<p>[\/vc_column_text][vc_column_text]<strong>Rhythm of training<\/strong><\/p>\n<p>Initial: 1st and 2nd year<\/p>\n<p>Initial or work-study course: 3rd year<\/p>\n<p>The course takes place in the classroom[\/vc_column_text][vc_column_text]<strong>Methods used<\/strong><\/p>\n<ul>\n<li>The Centre de Management H\u00f4telier (CMH) uses a variety of teaching methods to prepare future luxury hotel professionals. Here is a detailed overview of the main teaching approaches used:\n<ol>\n<li><strong>Theoretical and practical approach<\/strong>: The CMH integrates theoretical courses with practical workshops. This combination enables students to acquire solid academic knowledge while developing practical skills that are directly applicable in their future professional careers.<\/li>\n<li><strong>Personalised coaching:<\/strong> Each student benefits from personalised coaching throughout the course. This individualised follow-up includes advice on personal and professional development, as well as ongoing support to help students achieve their academic and career goals.<\/li>\n<li><strong>Work experience:<\/strong> CMH programmes include work placements and work-study programmes in the 3rd year. This approach enables students to apply their learning in real-life professional contexts, develop practical experience and become familiar with the workings of the hospitality industry.<\/li>\n<li><strong>Guest lectures:<\/strong> The CMH regularly invites professionals and experts from the hotel and luxury brand sectors to give guest lectures. These presentations enrich the academic programme and enable students to learn directly from industry leaders.<\/li>\n<li><strong>Professional projects:<\/strong> CMH students are continually involved in professional projects. These projects help them to develop specific skills and enable students to confront situations similar to those they will encounter in their professional lives.<\/li>\n<li><strong>Partnerships with industry:<\/strong> CMH maintains partnerships with key players in the hospitality industry. These collaborations facilitate internship, work-study and employment opportunities for students, creating bridges between the school and the professional world. Partnerships with industry also ensure that programme content remains relevant and aligned with market needs.<\/li>\n<li><strong>International experience:<\/strong> Students have the opportunity to spend a semester at one of CMH&#8217;s international campuses, such as those in London or Madrid. This international immersion aims to broaden their perspectives and strengthen their understanding of global practices in luxury hospitality. Living and studying in an international environment allows students to develop a global vision of the industry and acquire essential intercultural skills.<\/li>\n<\/ol>\n<\/li>\n<\/ul>\n<p>[\/vc_column_text][vc_column_text][\/vc_column_text][\/vc_column][\/vc_row][vc_row][vc_column offset=&#8221;vc_hidden-lg vc_hidden-md vc_hidden-sm vc_hidden-xs&#8221;][vc_column_text]<strong>Programmes\/Unit\u00e9s d&#8217;enseignement<\/strong><\/p>\n<p>490 heures\/an en 2024\/2025.[\/vc_column_text][\/vc_column][vc_column width=&#8221;1\/2&#8243; offset=&#8221;vc_hidden-lg vc_hidden-md vc_hidden-sm vc_hidden-xs&#8221;][vc_column_text]<u>Bachelor <\/u><u>1<sup>\u00e8re<\/sup> et 2<sup>\u00e8me<\/sup> ann\u00e9e<\/u><\/p>\n<p>Languages &amp; Interculturality ( English, Russia, Chinese)<\/p>\n<p>Hospitality, luxury &amp; Tourism<\/p>\n<p>Hotel &amp; Hospitality organization<\/p>\n<p>Innovation in hospitality<\/p>\n<p>Droit &amp; RH<\/p>\n<p>Gastronomy &amp; Hospitality<\/p>\n<p>Wine &amp; Champagne management<\/p>\n<p>Luxury universe<\/p>\n<p>Luxury brand management<\/p>\n<p>Luxury marketing management<\/p>\n<p>Communication for hospitality<\/p>\n<p>Excellence &amp; Elegance<\/p>\n<p>Excellence service &amp; Business etiquette<\/p>\n<p>Revenue management<\/p>\n<p>Comptabilit\u00e9<\/p>\n<p>Office automation<\/p>\n<p>Sales in the hospitality industry[\/vc_column_text][\/vc_column][vc_column width=&#8221;1\/2&#8243; offset=&#8221;vc_hidden-lg vc_hidden-md vc_hidden-sm vc_hidden-xs&#8221;][vc_column_text]<u>Bachelor 3<sup>\u00e8me<\/sup> ann\u00e9e<\/u><\/p>\n<p>Languages &amp; Interculturality ( English, Russia, Chinese)<\/p>\n<p>Excellence service &amp; Business etiquette<\/p>\n<p>Accounting and Finance<\/p>\n<p>Hospitality management<\/p>\n<p>Mission professionnelle[\/vc_column_text][\/vc_column][\/vc_row][vc_row][vc_column][vc_column_text]<strong>Assessment methods<\/strong><\/p>\n<p>Our students are assessed throughout the academic year on a continuous basis (table-top assignments, case studies, practical workshops, group projects, role-playing, oral presentations). The assessment procedures for certification are: real-life situations, case studies, reconstructed professional situations and oral examinations before a jury. The 3 skill blocks must be validated to obtain certification. To validate a block of skills, all the skills must be validated.[\/vc_column_text][vc_column_text]Links with other professional qualifications<\/p>\n<p>Professional certifications registered with the RNCP in partial correspondence: consult the blocks of skills and certification titles concerned at\u00a0<a href=\"https:\/\/www.francecompetences.fr\/recherche\/rncp\/37849\/\">https:\/\/www.francecompetences.fr\/recherche\/rncp\/37849\/<\/a>[\/vc_column_text][vc_column_text]<strong>Accessibility for people with disabilities<\/strong><\/p>\n<p>Our courses are accessible to most people with visible or non-visible, temporary or permanent disabilities. For more information: see <a href=\"https:\/\/cmh-academy.com\/en\/shool\/disability-accessibility\/\">our commitment to disability management<\/a><\/p>\n<p>[\/vc_column_text][vc_column_text]<strong>Graduation rate:<\/strong> 88%*<\/p>\n<p><strong>Rate of RNCP 37849 certification:<\/strong> not applicable at present<\/p>\n<p><strong>Interruption rate during training:<\/strong> 11%*<\/p>\n<p><strong>Value-added rate:<\/strong> not currently applicable<\/p>\n<p><strong>Value-added rate<\/strong>: not currently applicable<\/p>\n<p>The expected employment rate is the average employment rate for learners in comparable establishments in terms of learner profile, training provided and the local labour market. If the observed employment rate* is higher than the expected employment rate*, then the school&#8217;s own contribution to the professional integration of its learners is positive.<\/p>\n<p><strong>Distribution site: <\/strong><a href=\"https:\/\/www.inserjeunes.education.gouv.fr\/diffusion\/accueil\"><strong>https:\/\/www.inserjeunes.education.gouv.fr\/diffusion\/accueil<\/strong><\/a><\/p>\n<p><strong>Continuation rate:<\/strong> 60%* of students decide to continue with an MBA in International Hospitality and Luxury Brand Management at CMH; 22% decide to go on to other hotel management establishments (FERRANDI, Acad\u00e9mie Internationale du Management, EMLyon, ESSEC Business School, etc.)<\/p>\n<p>*(2022\/2023 cohort on all CMH campuses)[\/vc_column_text][vc_column_text]<strong>Career opportunities &#8211; Business development manager<\/strong><\/p>\n<ul>\n<li>Business development manager, business development manager<\/li>\n<li>Sales manager, sales strategy manager, technical sales manager<\/li>\n<li>Business development manager<\/li>\n<li>Sales development manager, sales force manager, sales promotion manager, head of sales, e-commerce manager, sales manager<\/li>\n<li>Business engineer<\/li>\n<li>Strategy and business development consultant<\/li>\n<li>Account executive, customer relations manager<\/li>\n<li>Key account manager, global account manager, sales operations manager<\/li>\n<\/ul>\n<p>[\/vc_column_text][\/vc_column][\/vc_row][\/vc_section]<\/p>\n","protected":false},"excerpt":{"rendered":"<p>[vc_section el_class=&#8221;header-cmh&#8221;][vc_row full_width=&#8221;stretch_row_content_no_spaces&#8221; full_height=&#8221;yes&#8221; css=&#8221;.vc_custom_1547818909355{background-image: url(http:\/\/cmh-academy.com\/wp-content\/uploads\/2019\/01\/admission.jpg?id=972) !important;background-position: center !important;background-repeat: no-repeat !important;background-size: cover !important;}&#8221;][vc_column][vc_column_text el_class=&#8221;text_on_img&#8221;] European Bachelor in Hotel and Tourism Management &nbsp; PROFESSIONAL QUALIFICATION &#8220;BUSINESS DEVELOPMENT MANAGER&#8221; REGISTERED FOR 3 YEARS IN THE RNCP n\u00b0 37849 ON 19\/07\/2023 ISSUED BY IMCP [\/vc_column_text][\/vc_column][\/vc_row][\/vc_section][vc_section][vc_row][vc_column][vc_column_text el_class=&#8221;golden-dots&#8221;] Les enseignements propos\u00e9s par nos intervenants professionnels, tous issus du secteur de&hellip;<\/p>\n","protected":false},"author":24,"featured_media":0,"parent":0,"menu_order":0,"comment_status":"closed","ping_status":"closed","template":"","meta":{"footnotes":""},"class_list":["post-16257","page","type-page","status-publish","hentry","description-off"],"yoast_head":"<!-- This site is optimized with the Yoast SEO plugin v24.2 - https:\/\/yoast.com\/wordpress\/plugins\/seo\/ -->\n<title>EUROPEAN BACHELOR IN HOTEL AND TOURISM MANAGEMENT - CMH<\/title>\n<meta name=\"description\" content=\"Grande Ecole Program. STATE-RECOGNIZED CERTIFICATION: \u201cLuxury Hotel Establishment Manager\u201d\" \/>\n<meta name=\"robots\" content=\"index, follow, max-snippet:-1, max-image-preview:large, max-video-preview:-1\" \/>\n<link rel=\"canonical\" href=\"https:\/\/cmh-academy.com\/en\/european-bachelor-in-hotel-and-tourism-management\/\" \/>\n<meta property=\"og:locale\" content=\"en_US\" \/>\n<meta property=\"og:type\" content=\"article\" \/>\n<meta property=\"og:title\" content=\"EUROPEAN BACHELOR IN HOTEL AND TOURISM MANAGEMENT - CMH\" \/>\n<meta property=\"og:description\" content=\"Grande Ecole Program. STATE-RECOGNIZED CERTIFICATION: \u201cLuxury Hotel Establishment Manager\u201d\" \/>\n<meta property=\"og:url\" content=\"https:\/\/cmh-academy.com\/en\/european-bachelor-in-hotel-and-tourism-management\/\" \/>\n<meta property=\"og:site_name\" content=\"CMH\" \/>\n<meta property=\"article:modified_time\" content=\"2025-05-09T15:46:56+00:00\" \/>\n<meta name=\"twitter:card\" content=\"summary_large_image\" \/>\n<meta name=\"twitter:label1\" content=\"Est. reading time\" \/>\n\t<meta name=\"twitter:data1\" content=\"8 minutes\" \/>\n<script type=\"application\/ld+json\" class=\"yoast-schema-graph\">{\"@context\":\"https:\/\/schema.org\",\"@graph\":[{\"@type\":\"WebPage\",\"@id\":\"https:\/\/cmh-academy.com\/en\/european-bachelor-in-hotel-and-tourism-management\/\",\"url\":\"https:\/\/cmh-academy.com\/en\/european-bachelor-in-hotel-and-tourism-management\/\",\"name\":\"EUROPEAN BACHELOR IN HOTEL AND TOURISM MANAGEMENT - CMH\",\"isPartOf\":{\"@id\":\"https:\/\/cmh-academy.com\/#website\"},\"datePublished\":\"2025-03-19T19:29:04+00:00\",\"dateModified\":\"2025-05-09T15:46:56+00:00\",\"description\":\"Grande Ecole Program. STATE-RECOGNIZED CERTIFICATION: \u201cLuxury Hotel Establishment Manager\u201d\",\"breadcrumb\":{\"@id\":\"https:\/\/cmh-academy.com\/en\/european-bachelor-in-hotel-and-tourism-management\/#breadcrumb\"},\"inLanguage\":\"en-US\",\"potentialAction\":[{\"@type\":\"ReadAction\",\"target\":[\"https:\/\/cmh-academy.com\/en\/european-bachelor-in-hotel-and-tourism-management\/\"]}]},{\"@type\":\"BreadcrumbList\",\"@id\":\"https:\/\/cmh-academy.com\/en\/european-bachelor-in-hotel-and-tourism-management\/#breadcrumb\",\"itemListElement\":[{\"@type\":\"ListItem\",\"position\":1,\"name\":\"Accueil\",\"item\":\"https:\/\/cmh-academy.com\/en\/\"},{\"@type\":\"ListItem\",\"position\":2,\"name\":\"EUROPEAN BACHELOR IN HOTEL AND TOURISM MANAGEMENT\"}]},{\"@type\":\"WebSite\",\"@id\":\"https:\/\/cmh-academy.com\/#website\",\"url\":\"https:\/\/cmh-academy.com\/\",\"name\":\"CMH\",\"description\":\"Centre de Management H\u00f4telier International\",\"potentialAction\":[{\"@type\":\"SearchAction\",\"target\":{\"@type\":\"EntryPoint\",\"urlTemplate\":\"https:\/\/cmh-academy.com\/?s={search_term_string}\"},\"query-input\":{\"@type\":\"PropertyValueSpecification\",\"valueRequired\":true,\"valueName\":\"search_term_string\"}}],\"inLanguage\":\"en-US\"}]}<\/script>\n<!-- \/ Yoast SEO plugin. -->","yoast_head_json":{"title":"EUROPEAN BACHELOR IN HOTEL AND TOURISM MANAGEMENT - CMH","description":"Grande Ecole Program. STATE-RECOGNIZED CERTIFICATION: \u201cLuxury Hotel Establishment Manager\u201d","robots":{"index":"index","follow":"follow","max-snippet":"max-snippet:-1","max-image-preview":"max-image-preview:large","max-video-preview":"max-video-preview:-1"},"canonical":"https:\/\/cmh-academy.com\/en\/european-bachelor-in-hotel-and-tourism-management\/","og_locale":"en_US","og_type":"article","og_title":"EUROPEAN BACHELOR IN HOTEL AND TOURISM MANAGEMENT - CMH","og_description":"Grande Ecole Program. STATE-RECOGNIZED CERTIFICATION: \u201cLuxury Hotel Establishment Manager\u201d","og_url":"https:\/\/cmh-academy.com\/en\/european-bachelor-in-hotel-and-tourism-management\/","og_site_name":"CMH","article_modified_time":"2025-05-09T15:46:56+00:00","twitter_card":"summary_large_image","twitter_misc":{"Est. reading time":"8 minutes"},"schema":{"@context":"https:\/\/schema.org","@graph":[{"@type":"WebPage","@id":"https:\/\/cmh-academy.com\/en\/european-bachelor-in-hotel-and-tourism-management\/","url":"https:\/\/cmh-academy.com\/en\/european-bachelor-in-hotel-and-tourism-management\/","name":"EUROPEAN BACHELOR IN HOTEL AND TOURISM MANAGEMENT - CMH","isPartOf":{"@id":"https:\/\/cmh-academy.com\/#website"},"datePublished":"2025-03-19T19:29:04+00:00","dateModified":"2025-05-09T15:46:56+00:00","description":"Grande Ecole Program. STATE-RECOGNIZED CERTIFICATION: \u201cLuxury Hotel Establishment Manager\u201d","breadcrumb":{"@id":"https:\/\/cmh-academy.com\/en\/european-bachelor-in-hotel-and-tourism-management\/#breadcrumb"},"inLanguage":"en-US","potentialAction":[{"@type":"ReadAction","target":["https:\/\/cmh-academy.com\/en\/european-bachelor-in-hotel-and-tourism-management\/"]}]},{"@type":"BreadcrumbList","@id":"https:\/\/cmh-academy.com\/en\/european-bachelor-in-hotel-and-tourism-management\/#breadcrumb","itemListElement":[{"@type":"ListItem","position":1,"name":"Accueil","item":"https:\/\/cmh-academy.com\/en\/"},{"@type":"ListItem","position":2,"name":"EUROPEAN BACHELOR IN HOTEL AND TOURISM MANAGEMENT"}]},{"@type":"WebSite","@id":"https:\/\/cmh-academy.com\/#website","url":"https:\/\/cmh-academy.com\/","name":"CMH","description":"Centre de Management H\u00f4telier International","potentialAction":[{"@type":"SearchAction","target":{"@type":"EntryPoint","urlTemplate":"https:\/\/cmh-academy.com\/?s={search_term_string}"},"query-input":{"@type":"PropertyValueSpecification","valueRequired":true,"valueName":"search_term_string"}}],"inLanguage":"en-US"}]}},"jetpack_sharing_enabled":true,"_links":{"self":[{"href":"https:\/\/cmh-academy.com\/en\/wp-json\/wp\/v2\/pages\/16257","targetHints":{"allow":["GET"]}}],"collection":[{"href":"https:\/\/cmh-academy.com\/en\/wp-json\/wp\/v2\/pages"}],"about":[{"href":"https:\/\/cmh-academy.com\/en\/wp-json\/wp\/v2\/types\/page"}],"author":[{"embeddable":true,"href":"https:\/\/cmh-academy.com\/en\/wp-json\/wp\/v2\/users\/24"}],"replies":[{"embeddable":true,"href":"https:\/\/cmh-academy.com\/en\/wp-json\/wp\/v2\/comments?post=16257"}],"version-history":[{"count":6,"href":"https:\/\/cmh-academy.com\/en\/wp-json\/wp\/v2\/pages\/16257\/revisions"}],"predecessor-version":[{"id":17392,"href":"https:\/\/cmh-academy.com\/en\/wp-json\/wp\/v2\/pages\/16257\/revisions\/17392"}],"wp:attachment":[{"href":"https:\/\/cmh-academy.com\/en\/wp-json\/wp\/v2\/media?parent=16257"}],"curies":[{"name":"wp","href":"https:\/\/api.w.org\/{rel}","templated":true}]}}