{"id":16297,"date":"2025-03-20T15:58:37","date_gmt":"2025-03-20T14:58:37","guid":{"rendered":"https:\/\/cmh-academy.com\/training-payment\/"},"modified":"2025-03-20T15:58:37","modified_gmt":"2025-03-20T14:58:37","slug":"training-payment","status":"publish","type":"page","link":"https:\/\/cmh-academy.com\/en\/training-payment\/","title":{"rendered":"Training payment"},"content":{"rendered":"<p>[vc_section][vc_row][vc_column]<div class=\"ult-spacer spacer-69f18f1b10909\" data-id=\"69f18f1b10909\" data-height=\"70\" data-height-mobile=\"10\" data-height-tab=\"10\" data-height-tab-portrait=\"10\" data-height-mobile-landscape=\"10\" style=\"clear:both;display:block;\"><\/div>[\/vc_column][\/vc_row][vc_row][vc_column width=&#8221;1\/6&#8243;][\/vc_column][vc_column width=&#8221;2\/3&#8243;][vc_column_text]    <div id=\"form_paiement_formation\" style=\"width:700px; margin:auto;\">\n        <fieldset style=\"display: none;border: 1px solid;padding: 5px;border-color: #ff9d1e;background: #fff0cd;margin-bottom: 20px;\" class=\"header-text-alternance\">\n            <legend style=\"font-weight: bold;padding: 0 10px;color: red;\">Important !<\/legend>\n            <p>Vous avez choisi un cursus en alternance mais n\u2019avez pas encore d\u2019entreprise d\u2019accueil. Nous vous accompagnerons dans votre recherche, mais vous devrez \u00e9galement \u00eatre acteur de celle-ci.<\/p>\n            <p>Merci de bien relire les informations pr\u00e9-remplies pour confirmer votre choix. \u00c0 l\u2019issue de cette \u00e9tape, vous recevrez un contrat moral sans valeur d\u2019inscription ; faute d'entreprise pour \u00eatre inscrit, il faudra opter pour un cursus de formation en initial et r\u00e9gler les frais associ\u00e9s.<\/p>\n            <div style=\"color: red;display: flex;font-size: 14px;\">\n                <input type=\"checkbox\" name=\"validate-alt\" id=\"validate-alt\" style=\"width: auto;margin: 0px 10px;\"> J'ai lu et j'accepte ces conditions\n            <\/div>\n        <\/fieldset>\n        <form method=\"POST\" name=\"form_candidacture\">\n\n            <div class=\"second-line\">\n\n                <!-- rentr_e_souhait_e -->\n                <div class=\"form-blockcontent\">\n                    <label for=\"formation\">Formation<\/label>\n                    <input type=\"text\" name=\"formation\" id=\"formation\" value=\"...\" disabled>\n                <\/div>\n            <\/div>\n\n            <div class=\"second-line\">\n                <div class=\"form-blockcontent\">\n                    <label for=\"campus\">Campus<\/label>\n                    <input type=\"text\" name=\"campus\" id=\"campus\" value=\"...\" disabled>\n                <\/div>\n            <\/div>\n\n            <div class=\"second-line\">\n                <div class=\"form-blockcontent\">\n                    <label for=\"annee_formation\">Niveau<\/label>\n                    <input type=\"text\" name=\"annee_formation\" id=\"annee_formation\" value=\"...\" disabled>\n                <\/div>\n            <\/div>\n\n            <!-- <div class=\"first-line\"> -->\n\n            <!-- NOM -->\n            <!-- <div class=\"\">\n                    <label for=\"cout_initial\">Cout total de la formation<span class=\"amos-forms-req-symbol\">*<\/span><\/label>\n                    <input type=\"text\" name=\"cout_initial\" id=\"cout_initial\" value=\"...\" disabled>\n                <\/div> -->\n\n            <!-- <\/div> -->\n            <!-- SECOND-LINE  -->\n            <div id=\"choix_options\">\n                <label style=\"margin-bottom:5px;\"><span id=\"prm_label_frais\">Frais de formation<\/span> <sup title='Vous pouvez choisir vos diff\u00e9rentes option de langues \u00e9trang\u00e8res. Si vous optez pour 2 langues ne s\u00e9lectionnez uniquement que le \"forfait 2 options langues \u00e9trang\u00e8res\"'>&#9432;<\/sup><span class=\"amos-forms-req-symbol\"> *<\/span><\/label>\n            <\/div>\n\n\n            <div class=\"second-line\">\n                <br>\n                <!-- NOM -->\n                <div class=\"\">\n                    <label for=\"cout_total\">Cout total de la formation avec options<span class=\"amos-forms-req-symbol\">*<\/span><\/label>\n                    <input type=\"text\" name=\"cout_total\" id=\"cout_total\" value=\"0 \u20ac\" disabled>\n                <\/div>\n\n            <\/div>\n\n            <section id=\"mode_paiement\" style=\"display:none;\">\n\n                <div class=\"second-line\">\n                    <br>\n                    <div class=\"form-blockcontent\">\n                        <label for=\"mode\">Mode de paiement<span class=\"amos-forms-req-symbol\">*<\/span><\/label>\n                        <select name=\"mode\" id=\"mode\">\n                            <option value=\"cb\">CB<\/option>\n                            <option value=\"prelevement\">Pr\u00e9l\u00e8vement SEPA<\/option>\n                        <\/select>\n                    <\/div>\n                <\/div>\n\n                <div class=\"second-line\">\n                    <br>\n                    <div class=\"form-blockcontent mensu-block\">\n                        <label for=\"mensualites\">Mensualit\u00e9s<span class=\"amos-forms-req-symbol\">*<\/span><\/label>\n                        <select name=\"mensualites\" id=\"mensualites\">\n                            <option value=\"1\">1 mensualit\u00e9<\/option>\n                            <option value=\"3\" class=\"mens_3\">3 mensualit\u00e9s<\/option>\n                            <option value=\"6\">6 mensualit\u00e9s<\/option>\n                        <\/select>\n                    <\/div>\n                <\/div>\n            <\/section>\n\n            <section id=\"loading_mens\" style=\"display: none;\">\n                <div>\n                    <p style=\"margin: 10px;\">calcul des mensualit\u00e9s en cours ...<\/p>\n                <\/div>\n            <\/section>\n\n            <section id=\"resume_mens\" style=\"display: none;margin-top:10px\">\n                <div>\n\n                    <label for=\"\">D\u00e9tail du reglement <sup title='Vous pouvez choisir vos diff\u00e9rentes option de langues \u00e9trang\u00e8res. Si vous optez pour 2 langues ne s\u00e9lectionnez uniquement que le \"forfait 2 options langues \u00e9trang\u00e8res\"'>&#9432;<\/sup> <\/label>\n                    <ul id=\"option_mens\">\n                    <\/ul>\n                    <p><strong id=\"total_mens\"><\/strong><\/p>\n                    <p><strong id=\"resume_total_mens\"><\/strong><\/p>\n                    <p>Valider pour saisir vos informations de paiement<\/p>\n                    <br>\n                <\/div>\n            <\/section>\n\n            <!-- <div class=\"first-line\">\n                <div class=\"\">\n                    <label for=\"lastname\">Numero de carte<span class=\"amos-forms-req-symbol\">*<\/span><\/label>\n                    <input type=\"text\" name=\"lastname\" id=\"lastname\" value=\"3500 \u20ac\" disabled>\n                <\/div>\n\n            <\/div> -->\n\n            <!-- SUBMIT SEND HUBSPOT -->\n            <div class=\"form-blockcontent\" id=\"prm-bloc-cgv\" class=\"second-line\" style=\"display: none;\">\n                <input type=\"checkbox\" name=\"cgv\" id=\"cgv\" disabled> <span for=\"\">J'ai lu et j'accepte les <a href=\"#\">CGV<\/a><\/span>\n            <\/div>\n            <div class=\"form-blockcontent\" style=\"margin-top: 20px;\">\n                <input type=\"hidden\" name=\"annee_rentree\" id=\"annee_rentree\" value=\"\">\n                <input type=\"hidden\" name=\"securite_nonce\" value=\"45b630adfb\" \/>\n                <button id=\"btn-valide-choix\" class=\"amos-pg-link btn-amos\" type=\"submit\">Valider et choisir mon mode de paiement<\/button><img decoding=\"async\" id=\"loading_send_register\" src=\"\/wp-content\/plugins\/plugins_register_miracle\/img\/ajax-loader.gif\" alt=\"loading\" height=\"15\">\n                <button id=\"btn-pay-formation\" style=\"display:none;\" class=\"amos-pg-link btn-amos\" type=\"submit\" disabled>Valider et saisir les donn\u00e9es paiement<\/button><img decoding=\"async\" id=\"loading_send_register\" src=\"\/wp-content\/plugins\/plugins_register_miracle\/img\/ajax-loader.gif\" alt=\"loading\" height=\"15\">\n                <br><a href=\"#\" id=\"btn-pay-back\" style=\"display:none;\" class=\"\" type=\"submit\">Retour aux options<\/a>\n            <\/div>\n        <\/form>\n    <\/div>\n    <!-- <script src=\"https:\/\/www.google.com\/recaptcha\/api.js\"><\/script> -->\n[\/vc_column_text][\/vc_column][vc_column width=&#8221;1\/6&#8243;][\/vc_column][\/vc_row][\/vc_section]<\/p>\n","protected":false},"excerpt":{"rendered":"<p>[vc_section][vc_row][vc_column][\/vc_column][\/vc_row][vc_row][vc_column width=&#8221;1\/6&#8243;][\/vc_column][vc_column width=&#8221;2\/3&#8243;][vc_column_text][\/vc_column_text][\/vc_column][vc_column width=&#8221;1\/6&#8243;][\/vc_column][\/vc_row][\/vc_section]<\/p>\n","protected":false},"author":29,"featured_media":0,"parent":0,"menu_order":0,"comment_status":"closed","ping_status":"closed","template":"","meta":{"footnotes":""},"class_list":["post-16297","page","type-page","status-publish","hentry","description-off"],"yoast_head":"<!-- This site is optimized with the Yoast SEO plugin v24.2 - https:\/\/yoast.com\/wordpress\/plugins\/seo\/ -->\n<title>Training payment - CMH<\/title>\n<meta name=\"robots\" content=\"index, follow, max-snippet:-1, max-image-preview:large, max-video-preview:-1\" \/>\n<link rel=\"canonical\" href=\"https:\/\/cmh-academy.com\/en\/training-payment\/\" \/>\n<meta property=\"og:locale\" content=\"en_US\" \/>\n<meta property=\"og:type\" content=\"article\" \/>\n<meta property=\"og:title\" content=\"Training payment - CMH\" \/>\n<meta property=\"og:description\" content=\"[vc_section][vc_row][vc_column][\/vc_column][\/vc_row][vc_row][vc_column width=&#8221;1\/6&#8243;][\/vc_column][vc_column width=&#8221;2\/3&#8243;][vc_column_text][\/vc_column_text][\/vc_column][vc_column width=&#8221;1\/6&#8243;][\/vc_column][\/vc_row][\/vc_section]\" \/>\n<meta property=\"og:url\" content=\"https:\/\/cmh-academy.com\/en\/training-payment\/\" \/>\n<meta property=\"og:site_name\" content=\"CMH\" \/>\n<meta name=\"twitter:card\" content=\"summary_large_image\" \/>\n<script type=\"application\/ld+json\" class=\"yoast-schema-graph\">{\"@context\":\"https:\/\/schema.org\",\"@graph\":[{\"@type\":\"WebPage\",\"@id\":\"https:\/\/cmh-academy.com\/en\/training-payment\/\",\"url\":\"https:\/\/cmh-academy.com\/en\/training-payment\/\",\"name\":\"Training payment - CMH\",\"isPartOf\":{\"@id\":\"https:\/\/cmh-academy.com\/#website\"},\"datePublished\":\"2025-03-20T14:58:37+00:00\",\"dateModified\":\"2025-03-20T14:58:37+00:00\",\"breadcrumb\":{\"@id\":\"https:\/\/cmh-academy.com\/en\/training-payment\/#breadcrumb\"},\"inLanguage\":\"en-US\",\"potentialAction\":[{\"@type\":\"ReadAction\",\"target\":[\"https:\/\/cmh-academy.com\/en\/training-payment\/\"]}]},{\"@type\":\"BreadcrumbList\",\"@id\":\"https:\/\/cmh-academy.com\/en\/training-payment\/#breadcrumb\",\"itemListElement\":[{\"@type\":\"ListItem\",\"position\":1,\"name\":\"Accueil\",\"item\":\"https:\/\/cmh-academy.com\/en\/\"},{\"@type\":\"ListItem\",\"position\":2,\"name\":\"Training payment\"}]},{\"@type\":\"WebSite\",\"@id\":\"https:\/\/cmh-academy.com\/#website\",\"url\":\"https:\/\/cmh-academy.com\/\",\"name\":\"CMH\",\"description\":\"Centre de Management H\u00f4telier International\",\"potentialAction\":[{\"@type\":\"SearchAction\",\"target\":{\"@type\":\"EntryPoint\",\"urlTemplate\":\"https:\/\/cmh-academy.com\/?s={search_term_string}\"},\"query-input\":{\"@type\":\"PropertyValueSpecification\",\"valueRequired\":true,\"valueName\":\"search_term_string\"}}],\"inLanguage\":\"en-US\"}]}<\/script>\n<!-- \/ Yoast SEO plugin. -->","yoast_head_json":{"title":"Training payment - CMH","robots":{"index":"index","follow":"follow","max-snippet":"max-snippet:-1","max-image-preview":"max-image-preview:large","max-video-preview":"max-video-preview:-1"},"canonical":"https:\/\/cmh-academy.com\/en\/training-payment\/","og_locale":"en_US","og_type":"article","og_title":"Training payment - CMH","og_description":"[vc_section][vc_row][vc_column][\/vc_column][\/vc_row][vc_row][vc_column width=&#8221;1\/6&#8243;][\/vc_column][vc_column width=&#8221;2\/3&#8243;][vc_column_text][\/vc_column_text][\/vc_column][vc_column width=&#8221;1\/6&#8243;][\/vc_column][\/vc_row][\/vc_section]","og_url":"https:\/\/cmh-academy.com\/en\/training-payment\/","og_site_name":"CMH","twitter_card":"summary_large_image","schema":{"@context":"https:\/\/schema.org","@graph":[{"@type":"WebPage","@id":"https:\/\/cmh-academy.com\/en\/training-payment\/","url":"https:\/\/cmh-academy.com\/en\/training-payment\/","name":"Training payment - CMH","isPartOf":{"@id":"https:\/\/cmh-academy.com\/#website"},"datePublished":"2025-03-20T14:58:37+00:00","dateModified":"2025-03-20T14:58:37+00:00","breadcrumb":{"@id":"https:\/\/cmh-academy.com\/en\/training-payment\/#breadcrumb"},"inLanguage":"en-US","potentialAction":[{"@type":"ReadAction","target":["https:\/\/cmh-academy.com\/en\/training-payment\/"]}]},{"@type":"BreadcrumbList","@id":"https:\/\/cmh-academy.com\/en\/training-payment\/#breadcrumb","itemListElement":[{"@type":"ListItem","position":1,"name":"Accueil","item":"https:\/\/cmh-academy.com\/en\/"},{"@type":"ListItem","position":2,"name":"Training payment"}]},{"@type":"WebSite","@id":"https:\/\/cmh-academy.com\/#website","url":"https:\/\/cmh-academy.com\/","name":"CMH","description":"Centre de Management H\u00f4telier International","potentialAction":[{"@type":"SearchAction","target":{"@type":"EntryPoint","urlTemplate":"https:\/\/cmh-academy.com\/?s={search_term_string}"},"query-input":{"@type":"PropertyValueSpecification","valueRequired":true,"valueName":"search_term_string"}}],"inLanguage":"en-US"}]}},"jetpack_sharing_enabled":true,"_links":{"self":[{"href":"https:\/\/cmh-academy.com\/en\/wp-json\/wp\/v2\/pages\/16297","targetHints":{"allow":["GET"]}}],"collection":[{"href":"https:\/\/cmh-academy.com\/en\/wp-json\/wp\/v2\/pages"}],"about":[{"href":"https:\/\/cmh-academy.com\/en\/wp-json\/wp\/v2\/types\/page"}],"author":[{"embeddable":true,"href":"https:\/\/cmh-academy.com\/en\/wp-json\/wp\/v2\/users\/29"}],"replies":[{"embeddable":true,"href":"https:\/\/cmh-academy.com\/en\/wp-json\/wp\/v2\/comments?post=16297"}],"version-history":[{"count":0,"href":"https:\/\/cmh-academy.com\/en\/wp-json\/wp\/v2\/pages\/16297\/revisions"}],"wp:attachment":[{"href":"https:\/\/cmh-academy.com\/en\/wp-json\/wp\/v2\/media?parent=16297"}],"curies":[{"name":"wp","href":"https:\/\/api.w.org\/{rel}","templated":true}]}}