{"id":16362,"date":"2025-03-20T20:24:14","date_gmt":"2025-03-20T19:24:14","guid":{"rendered":"https:\/\/cmh-academy.com\/lyon-campus\/"},"modified":"2015-05-13T06:02:03","modified_gmt":"2015-05-13T04:02:03","slug":"lyon-campus","status":"publish","type":"page","link":"https:\/\/cmh-academy.com\/en\/lyon-campus\/","title":{"rendered":"lyon-campus"},"content":{"rendered":"<p>[vc_section el_class=&#8221;header-cmh&#8221;][vc_row full_width=&#8221;stretch_row_content_no_spaces&#8221; full_height=&#8221;yes&#8221; css=&#8221;.vc_custom_1763563948958{background-image: url(https:\/\/cmh-academy.com\/wp-content\/uploads\/2022\/02\/CMH-Lyon.jpg?id=8318) !important;background-position: center !important;background-repeat: no-repeat !important;background-size: cover !important;}&#8221; el_class=&#8221;header-raw&#8221;][vc_column][vc_column_text el_class=&#8221;text_on_img&#8221;]<\/p>\n<h1 style=\"text-align: center;\">CMH Campus LYON<\/h1>\n<p>&nbsp;<\/p>\n<p style=\"text-align: center;\">THE SCHOOL OF INTERNATIONAL LUXURY HOTEL MANAGEMENT<\/p>\n<p>[\/vc_column_text][\/vc_column][\/vc_row][\/vc_section][vc_section disable_element=&#8221;yes&#8221;][vc_row el_class=&#8221;firstRaw-text&#8221;][vc_column width=&#8221;1\/2&#8243;][vc_single_image image=&#8221;9113&#8243; img_size=&#8221;medium&#8221; alignment=&#8221;center&#8221;][vc_column_text]<\/p>\n<h3><\/h3>\n<h3 style=\"text-align: center;\">Laurent FAYARD<\/h3>\n<h2 style=\"text-align: center;\"><strong> CMH LYON<\/strong><\/h2>\n<p>[\/vc_column_text][\/vc_column][vc_column width=&#8221;1\/2&#8243;][vc_column_text]<\/p>\n<blockquote>\n<blockquote><p><em>The arrival of the CMH in Lyon, in Auvergne Rh\u00f4ne-Alpes, makes perfect sense as the region lies at the crossroads of Lyon, a capital of gastronomy and a Unesco World Heritage Site, and Switzerland.<\/em><\/p>\n<p><em>It is a region with a booming luxury sector, thanks to the Alps, winter sports resorts and spas. It is an area that boasts a rich tourism offer with exceptional assets such as Mont Blanc, numerous lakes and national and regional parks.<\/em><\/p>\n<p><em>Choosing CMH Lyon means betting on your future! We provide personalized support to help you build your career path. A teaching team consisting of experts in the profession is at your side to support you every step of the way. <\/em><\/p>\n<p><em>A unique training program focused on practical, real-world teaching, with an international outlook. The CMH&#8217;s long-standing expertise in work-study programs means you benefit from our network of partner companies.<\/em><\/p>\n<p><em>With CMH Lyon, your ambition becomes a reality!<\/em><\/p><\/blockquote>\n<\/blockquote>\n<p>[\/vc_column_text][\/vc_column][\/vc_row][\/vc_section][vc_section disable_element=&#8221;yes&#8221;][vc_row][vc_column css=&#8221;.vc_custom_1653645553398{background-color: #03324b !important;}&#8221;][vc_column_text]<\/p>\n<h1 id=\"title-secondRow-firstSection\" style=\"text-align: center;\"><strong>LAUNCH EVENT<\/strong><br \/>\n<strong>PART. II<br \/>\n<\/strong><strong>THE CMH LYON CAMPUS<\/strong><\/h1>\n<p>[\/vc_column_text][vc_single_image image=&#8221;9329&#8243; img_size=&#8221;500&#215;500&#8243; alignment=&#8221;center&#8221;][\/vc_column][\/vc_row][vc_row][vc_column][vc_column_text]<\/p>\n<h2><\/h2>\n<h2 style=\"text-align: center;\">Thursday, July 7, 2022 from 5pm<br \/>\n<strong>H\u00f4tel Cour des Loges<\/strong><br \/>\n<strong>6 Rue du B\u0153uf, 69005 Lyon<\/strong><\/h2>\n<p>[\/vc_column_text][vc_column_text]<\/p>\n<h4 style=\"text-align: center;\">Would you like to attend?<br \/>\nContact our admissions manager to register:<\/h4>\n<h4 style=\"text-align: center;\"><strong>Ms Morgane Chantier<\/strong><br \/>\n<strong>+33 (0)6 18 43 28 76<\/strong><br \/>\n<strong><a href=\"mailto:admission@cmh-lyon.fr\">admission@cmh-lyon.fr<\/a><\/strong><br \/>\n<strong><a href=\"mailto:mchantier@cmh-lyon.fr\">mchantier@cmh-lyon.fr<\/a><\/strong><\/h4>\n<p>[\/vc_column_text][vc_separator color=&#8221;chino&#8221;][\/vc_column][\/vc_row][\/vc_section][vc_section css=&#8221;.vc_custom_1653303359758{margin-top: 50px !important;}&#8221; el_id=&#8221;annee-1&#8243;][vc_row equal_height=&#8221;yes&#8221; content_placement=&#8221;bottom&#8221;][vc_column width=&#8221;1\/2&#8243; el_class=&#8221;golden-dots&#8221;][vc_column_text el_class=&#8221;annee&#8221;]<\/p>\n<h2 style=\"text-align: center;\">RAISING THE PROFILE OF THE INTERNATIONAL LUXURY HOTEL INDUSTRY IN LYON<\/h2>\n<p>An emblematic tourist destination, Lyon is the cradle of gastronomy and the art of entertaining. The city is home to a host of luxury addresses, including renowned 5-star hotels such as the Intercontinental Lyon H\u00f4tel Dieu, the Boscolo Lyon H\u00f4tel &amp; Spa, the Villa Ma\u00efa, the Villa Florentine, the Sofitel Lyon Bellecour, La Cour des Loges, the Royal Lyon, the Pavillon de la Rotonde, etc.<\/p>\n<p>Lyon is also home to the Auvergne Rh\u00f4ne-Alpes region, a complete change of scenery with its lakes and numerous winter sports resorts. These resorts are world-renowned, in summer and winter alike, for their warm welcome, their gastronomy and the quality of their slopes. Meg\u00e8ve, Courchevel, Chamonix, Annecy&#8230; destinations synonymous with French luxury.<\/p>\n<p>By following the CMH Grande Ecole Programme, you are choosing an initial or sandwich course, trained by recognised professionals in the luxury tourism industry to help you achieve excellence and success in a management position in the luxury hotel industry in France and abroad.<\/p>\n<p><strong>Welcome to Lyon, welcome to CMH.<\/strong>[\/vc_column_text][\/vc_column][vc_column width=&#8221;1\/2&#8243; el_class=&#8221;picture&#8221;][vc_single_image image=&#8221;9176&#8243; img_size=&#8221;full&#8221; alignment=&#8221;center&#8221;][vc_empty_space height=&#8221;40px&#8221;][\/vc_column][\/vc_row][\/vc_section][vc_section][vc_row bg_type=&#8221;bg_color&#8221; bg_override=&#8221;full&#8221; bg_color_value=&#8221;#ece6e3&#8243;][vc_column offset=&#8221;vc_hidden-lg vc_hidden-md vc_hidden-sm vc_hidden-xs&#8221;][vc_column_text css=&#8221;.vc_custom_1691413255509{margin-top: 25px !important;margin-bottom: 50px !important;}&#8221;]<\/p>\n<h2 style=\"text-align: center;\">Degrees prepared<\/h2>\n<p>[\/vc_column_text][vc_row_inner][vc_column_inner width=&#8221;1\/2&#8243;][vc_column_text]<strong>BACHELOR (BAC+3)<\/strong><\/p>\n<ul>\n<li>European bachelor&#8217;s degree in hotel and tourism management<\/li>\n<\/ul>\n<p>[\/vc_column_text][vc_single_image image=&#8221;4514&#8243; img_size=&#8221;medium&#8221; alignment=&#8221;center&#8221; onclick=&#8221;custom_link&#8221; img_link_target=&#8221;_blank&#8221; link=&#8221;https:\/\/demo.cmh-academy.com\/formations\/bachelor-pro\/&#8221;][\/vc_column_inner][vc_column_inner width=&#8221;1\/2&#8243;][vc_column_text]<strong>MBA (BAC+5)<\/strong><\/p>\n<ul>\n<li>MBA in international hospitality and luxury brand management<\/li>\n<\/ul>\n<p>[\/vc_column_text][vc_single_image image=&#8221;9064&#8243; img_size=&#8221;medium&#8221; alignment=&#8221;center&#8221; onclick=&#8221;custom_link&#8221; img_link_target=&#8221;_blank&#8221; link=&#8221;https:\/\/demo.cmh-academy.com\/formations\/mastere-mba\/&#8221;][\/vc_column_inner][\/vc_row_inner][\/vc_column][\/vc_row][vc_row][vc_column][vc_separator color=&#8221;chino&#8221;][\/vc_column][\/vc_row][vc_row][vc_column width=&#8221;1\/2&#8243; css=&#8221;.vc_custom_1548844585990{margin-top: 25px !important;}&#8221;][vc_column_text]<\/p>\n<h2 style=\"text-align: center;\">CONTACT &amp; ACCESS<\/h2>\n<h4 style=\"text-align: center;\"><strong>LYON CAMPUS<\/strong><\/h4>\n<p style=\"text-align: center;\">213 Rue de Gerland<br \/>\nLes Jardins d\u2019entreprises B\u00e2timent J<br \/>\n69007 Lyon<\/p>\n<p style=\"text-align: center;\">Email: info@cmh-lyon.fr<\/p>\n<p style=\"text-align: center;\">Phone: +33 (0)4 51 23 60 06<\/p>\n<p>[\/vc_column_text][vc_column_text]<\/p>\n<h4 style=\"text-align: center;\">If you have any questions about admission to our school, please contact our admissions manager<\/h4>\n<h4 style=\"text-align: center;\"><a href=\"mailto:admission@cmh-lyon.fr\" target=\"_blank\" rel=\"noopener\"><strong>admission@cmh-lyon.fr<\/strong><\/a><\/h4>\n<p>[\/vc_column_text][\/vc_column][vc_column width=&#8221;1\/2&#8243;][vc_single_image image=&#8221;8318&#8243; img_size=&#8221;full&#8221; alignment=&#8221;center&#8221;][\/vc_column][\/vc_row][\/vc_section][vc_row][vc_column][vc_separator color=&#8221;chino&#8221;][\/vc_column][\/vc_row][vc_section el_id=&#8221;pedagogie-rangee-2&#8243;][vc_row][vc_column css=&#8221;.vc_custom_1548844585990{margin-top: 25px !important;}&#8221;][vc_column_text]<\/p>\n<h2 style=\"text-align: center;\">Career opportunities<\/h2>\n<p>[\/vc_column_text][\/vc_column][\/vc_row][vc_row][vc_column width=&#8221;1\/3&#8243; el_class=&#8221;border-formation&#8221;][vc_column_text el_class=&#8221;border-formation&#8221;]<\/p>\n<h3 style=\"text-align: center;\"><a href=\"\/directeur-directrice-commercial-marketing\" target=\"_blank\" rel=\"noopener noreferrer\"><strong>sales &amp; marketing manager<\/strong><\/a><\/h3>\n<p>[\/vc_column_text][\/vc_column][vc_column width=&#8221;1\/3&#8243; el_class=&#8221;border-formation&#8221;][vc_column_text el_class=&#8221;border-formation&#8221;]<\/p>\n<h3 style=\"text-align: center;\"><a href=\"\/responsable-communication-evenementiel\" target=\"_blank\" rel=\"noopener noreferrer\"><strong>conference &amp; events manager<\/strong><\/a><\/h3>\n<h3 style=\"text-align: center;\"><\/h3>\n<p>[\/vc_column_text][\/vc_column][vc_column width=&#8221;1\/3&#8243; el_class=&#8221;border-formation&#8221;][vc_column_text el_class=&#8221;border-formation&#8221;]<\/p>\n<h3 style=\"text-align: center;\"><a href=\"\/directeur-directrice-des-ressources-humaines\" target=\"_blank\" rel=\"noopener noreferrer\"><strong>human resources manager<\/strong><\/a><\/h3>\n<h3 style=\"text-align: center;\"><\/h3>\n<p>[\/vc_column_text][\/vc_column][\/vc_row][vc_row][vc_column width=&#8221;1\/3&#8243; el_class=&#8221;border-formation&#8221;][vc_column_text el_class=&#8221;border-formation&#8221;]<\/p>\n<h3 style=\"text-align: center;\"><a href=\"\/responsable-e-business\" target=\"_blank\" rel=\"noopener noreferrer\"><strong>e-business manager<\/strong><\/a><\/h3>\n<p>[\/vc_column_text][\/vc_column][vc_column width=&#8221;1\/3&#8243; el_class=&#8221;border-formation&#8221;][vc_column_text el_class=&#8221;border-formation&#8221;]<\/p>\n<h3 style=\"text-align: center;\"><a href=\"\/community-manager\" target=\"_blank\" rel=\"noopener noreferrer\"><strong>community manager<\/strong><\/a><\/h3>\n<p>[\/vc_column_text][\/vc_column][vc_column width=&#8221;1\/3&#8243; el_class=&#8221;border-formation&#8221;][vc_column_text el_class=&#8221;border-formation&#8221;]<\/p>\n<h3 style=\"text-align: center;\"><a href=\"https:\/\/cmh-academy.com\/en\/talent-manager\/\" target=\"_blank\" rel=\"noopener noreferrer\"><strong>talent manager<\/strong><\/a><\/h3>\n<p>[\/vc_column_text][\/vc_column][\/vc_row][vc_row el_class=&#8221;ligne-btn&#8221;][vc_column width=&#8221;1\/3&#8243;][vc_btn title=&#8221;see all professions&#8221; style=&#8221;flat&#8221; shape=&#8221;square&#8221; color=&#8221;primary&#8221; align=&#8221;center&#8221; el_class=&#8221;btn-candidature&#8221; link=&#8221;url:https%3A%2F%2Fcmh-academy.com%2Fen%2Fentreprise%2Fhospitality-professions%2F|title:See%20all%20professions&#8221;][\/vc_column][vc_column width=&#8221;1\/3&#8243;][vc_btn title=&#8221;Partner companies&#8221; style=&#8221;flat&#8221; shape=&#8221;square&#8221; color=&#8221;primary&#8221; align=&#8221;center&#8221; el_class=&#8221;btn-candidature&#8221; link=&#8221;url:https%3A%2F%2Fcmh-academy.com%2Fen%2Fcompanies%2F|title:Partner%20companies&#8221;][\/vc_column][vc_column width=&#8221;1\/3&#8243;][vc_btn title=&#8221;CMH ALUMNI&#8221; style=&#8221;flat&#8221; shape=&#8221;square&#8221; color=&#8221;primary&#8221; align=&#8221;center&#8221; el_class=&#8221;btn-candidature&#8221; link=&#8221;url:https%3A%2F%2Fcmh-academy.com%2Fen%2Falumni%2Fcmh-alumni%2F|title:CMH%20ALUMNI&#8221;][\/vc_column][\/vc_row][\/vc_section][vc_row][vc_column][vc_separator color=&#8221;chino&#8221;][\/vc_column][\/vc_row][vc_section][vc_row disable_element=&#8221;yes&#8221;][vc_column][vc_column_text]<\/p>\n<h2 style=\"text-align: center;\">WHERE ARE THEY TODAY?<\/h2>\n<p>[\/vc_column_text]<div class=\"ult-spacer spacer-69f52beab2559\" data-id=\"69f52beab2559\" data-height=\"20\" data-height-mobile=\"20\" data-height-tab=\"20\" data-height-tab-portrait=\"\" data-height-mobile-landscape=\"\" style=\"clear:both;display:block;\"><\/div>[\/vc_column][\/vc_row][vc_row disable_element=&#8221;yes&#8221;][vc_column width=&#8221;1\/2&#8243;][vc_row_inner][vc_column_inner width=&#8221;1\/2&#8243;]<div id=\"modal-trg-txt-wrap-8747\" class=\"ult-modal-input-wrapper ult-adjust-bottom-margin    \" data-keypress-control=\"keypress-control-enable\" data-overlay-control=\"overlay-control-enable\"><img decoding=\"async\" src=\"http:\/\/demo.cmh-academy.com\/wp-content\/uploads\/2019\/01\/AYALA.png\" alt=\"null\" data-class-id=\"content-69f52beab25f16-11325217\" class=\"ult-modal-img overlay-show ult-align-center ult-modal-image-\" data-overlay-class=\"overlay-cornerbottomleft\"\/><\/div>\n<div class=\"ult-overlay content-69f52beab25f16-11325217 \" data-class=\"content-69f52beab25f16-11325217\" id=\"button-click-overlay\" style=\"background:rgba(51,51,51,0.8); display:none;\">\n\t<div class=\"ult_modal ult-fade ult-medium\">\n\t\t<div id=\"ult-modal-wrap-9100\" class=\"ult_modal-content ult-hide\" style=\"border-style:solid;border-width:2px;border-radius:0px;border-color:#333333;\">\n\t\t\t<div  data-ultimate-target='#ult-modal-wrap-9100 .ult_modal-body'  data-responsive-json-new='{\"font-size\":\"\",\"line-height\":\"\"}'  class=\"ult_modal-body ult-responsive ult-vimeo\" style=\"\">\n\t\t\t<\/p>\n<div style=\"padding: 56.25% 0 0 0; position: relative;\"><iframe style=\"position: absolute; top: 0; left: 0; width: 100%; height: 100%;\" src=\"https:\/\/player.vimeo.com\/video\/265380295?title=0&amp;byline=0&amp;portrait=0\" frameborder=\"0\" allowfullscreen=\"allowfullscreen\"><\/iframe><\/div>\n<p><script src=\"https:\/\/player.vimeo.com\/api\/player.js\"><\/script>\n\t\t\t<\/div>\n\t<\/div>\n\t<\/div>\n\t<div class=\"ult-overlay-close top-right\" style=\"width:80px;height:80px; \"><div class=\"ult-overlay-close-inside\">Close<\/div><\/div>\n<\/div>[\/vc_column_inner][vc_column_inner width=&#8221;1\/2&#8243;][vc_column_text]<span class=\"gold\">Jerome Ayala <\/span><br \/>\nEB &amp; MBA[\/vc_column_text][\/vc_column_inner][\/vc_row_inner][vc_row_inner][vc_column_inner][vc_column_text el_class=&#8221;temoignages-text&#8221;]&#8221;I&#8217;m currently on a professional assignment as part of my thesis on &#8216;The evolution of sales and new technologies'&#8221;[\/vc_column_text][\/vc_column_inner][\/vc_row_inner][\/vc_column][vc_column width=&#8221;1\/2&#8243;][vc_row_inner][vc_column_inner width=&#8221;1\/2&#8243;]<div id=\"modal-trg-txt-wrap-9448\" class=\"ult-modal-input-wrapper ult-adjust-bottom-margin    \" data-keypress-control=\"keypress-control-enable\" data-overlay-control=\"overlay-control-enable\"><img decoding=\"async\" src=\"https:\/\/cmh-academy.com\/wp-content\/uploads\/2019\/01\/elise.png\" alt=\"null\" data-class-id=\"content-69f52beab28405-45623827\" class=\"ult-modal-img overlay-show ult-align-center ult-modal-image-\" data-overlay-class=\"overlay-cornerbottomleft\"\/><\/div>\n<div class=\"ult-overlay content-69f52beab28405-45623827 \" data-class=\"content-69f52beab28405-45623827\" id=\"button-click-overlay\" style=\"background:rgba(51,51,51,0.8); display:none;\">\n\t<div class=\"ult_modal ult-fade ult-medium\">\n\t\t<div id=\"ult-modal-wrap-8578\" class=\"ult_modal-content ult-hide\" style=\"border-style:solid;border-width:2px;border-radius:0px;border-color:#333333;\">\n\t\t\t<div  data-ultimate-target='#ult-modal-wrap-8578 .ult_modal-body'  data-responsive-json-new='{\"font-size\":\"\",\"line-height\":\"\"}'  class=\"ult_modal-body ult-responsive ult-vimeo\" style=\"\">\n\t\t\t<\/p>\n<div style=\"padding: 56.25% 0 0 0; position: relative;\"><iframe style=\"position: absolute; top: 0; left: 0; width: 100%; height: 100%;\" src=\"https:\/\/player.vimeo.com\/video\/265380295?title=0&amp;byline=0&amp;portrait=0\" frameborder=\"0\" allowfullscreen=\"allowfullscreen\"><\/iframe><\/div>\n<p><script src=\"https:\/\/player.vimeo.com\/api\/player.js\"><\/script>\n\t\t\t<\/div>\n\t<\/div>\n\t<\/div>\n\t<div class=\"ult-overlay-close top-right\" style=\"width:80px;height:80px; \"><div class=\"ult-overlay-close-inside\">Close<\/div><\/div>\n<\/div>[\/vc_column_inner][vc_column_inner width=&#8221;1\/2&#8243;][vc_column_text]<span class=\"gold\">Elise Lu <\/span><br \/>\nEB &amp; MBA 2[\/vc_column_text][\/vc_column_inner][\/vc_row_inner][vc_row_inner][vc_column_inner][vc_column_text el_class=&#8221;temoignages-text&#8221;]&#8221;After various experiences in the luxury sector, notably in the Paris hotel industry, I decided to take off for Club M\u00e9diterran\u00e9e&#8221;[\/vc_column_text][\/vc_column_inner][\/vc_row_inner][\/vc_column][\/vc_row][\/vc_section][vc_section][vc_row][vc_column css=&#8221;.vc_custom_1548421087633{margin-top: 50px !important;margin-bottom: 30px !important;}&#8221;][vc_column_text]<\/p>\n<h2 style=\"text-align: center;\">join us<\/h2>\n<p>[\/vc_column_text][\/vc_column][\/vc_row][vc_row el_id=&#8221;last-raw&#8221;][vc_column width=&#8221;1\/2&#8243; el_class=&#8221;last-bloc&#8221; el_id=&#8221;middle-column&#8221;][vc_column_text el_class=&#8221;title-last-bloc&#8221;]<\/p>\n<h5 style=\"text-align: center;\"><strong>Meetings <\/strong><strong>information<\/strong><\/h5>\n<p>[\/vc_column_text][vc_column_text el_class=&#8221;text-last-bloc&#8221;]<\/p>\n<p class=\"titre-select\" style=\"text-align: center;\">Take part in our information meetings, find out about our training courses and talk to our teams.<\/p>\n<p>[\/vc_column_text][vc_btn title=&#8221;Apply online&#8221; style=&#8221;flat&#8221; shape=&#8221;square&#8221; color=&#8221;primary&#8221; align=&#8221;center&#8221; el_class=&#8221;btn-candidature&#8221; link=&#8221;url:https%3A%2F%2Fcmh-academy.com%2Fen%2Fmeet-us%2F|title:Sign%20up&#8221;][\/vc_column][vc_column width=&#8221;1\/2&#8243; el_class=&#8221;last-bloc&#8221;][vc_column_text el_class=&#8221;title-last-bloc&#8221;]<\/p>\n<h5 style=\"text-align: center;\"><strong>Admission <\/strong><strong>requirements<\/strong><\/h5>\n<p>[\/vc_column_text][vc_column_text el_class=&#8221;text-last-bloc&#8221;]<strong>1. Create your account<\/strong><br \/>\nAccess your personal space, where you will find your application file.<\/p>\n<p><strong>2. Fill out your application file<\/strong><br \/>\nRegister for the entrance exam and fill out your application file.<\/p>\n<p><strong>3. Take the national entrance exam<\/strong><br \/>\nOur courses are accessible through a competitive entrance exam: general knowledge test, written test, English test and presentation of your application to a jury.[\/vc_column_text][vc_btn title=&#8221;Apply online&#8221; style=&#8221;flat&#8221; shape=&#8221;square&#8221; color=&#8221;primary&#8221; align=&#8221;center&#8221; el_class=&#8221;btn-candidature&#8221; link=&#8221;url:https%3A%2F%2Fcmh-academy.com%2Fen%2Fadmission%2F|title:Apply%20online&#8221;][\/vc_column][\/vc_row][\/vc_section]<\/p>\n","protected":false},"excerpt":{"rendered":"<p>[vc_section el_class=&#8221;header-cmh&#8221;][vc_row full_width=&#8221;stretch_row_content_no_spaces&#8221; full_height=&#8221;yes&#8221; css=&#8221;.vc_custom_1763563948958{background-image: url(https:\/\/cmh-academy.com\/wp-content\/uploads\/2022\/02\/CMH-Lyon.jpg?id=8318) !important;background-position: center !important;background-repeat: no-repeat !important;background-size: cover !important;}&#8221; el_class=&#8221;header-raw&#8221;][vc_column][vc_column_text el_class=&#8221;text_on_img&#8221;] CMH Campus LYON &nbsp; THE SCHOOL OF INTERNATIONAL LUXURY HOTEL MANAGEMENT [\/vc_column_text][\/vc_column][\/vc_row][\/vc_section][vc_section disable_element=&#8221;yes&#8221;][vc_row el_class=&#8221;firstRaw-text&#8221;][vc_column width=&#8221;1\/2&#8243;][vc_single_image image=&#8221;9113&#8243; img_size=&#8221;medium&#8221; alignment=&#8221;center&#8221;][vc_column_text] Laurent FAYARD CMH LYON [\/vc_column_text][\/vc_column][vc_column width=&#8221;1\/2&#8243;][vc_column_text] The arrival of the CMH in Lyon, in Auvergne Rh\u00f4ne-Alpes, makes perfect sense as the region&hellip;<\/p>\n","protected":false},"author":24,"featured_media":0,"parent":0,"menu_order":0,"comment_status":"closed","ping_status":"closed","template":"","meta":{"footnotes":""},"class_list":["post-16362","page","type-page","status-publish","hentry","description-off"],"yoast_head":"<!-- This site is optimized with the Yoast SEO plugin v24.2 - https:\/\/yoast.com\/wordpress\/plugins\/seo\/ -->\n<title>CMH Lyon Campus<\/title>\n<meta name=\"description\" content=\"The arrival of the CMH in Lyon takes on its full meaning, capital of gastronomy, listed as a UNESCO World Heritage Site, and of Switzerland.\" \/>\n<meta name=\"robots\" content=\"index, follow, max-snippet:-1, max-image-preview:large, max-video-preview:-1\" \/>\n<link rel=\"canonical\" href=\"https:\/\/cmh-academy.com\/en\/lyon-campus\/\" \/>\n<meta property=\"og:locale\" content=\"en_US\" \/>\n<meta property=\"og:type\" content=\"article\" \/>\n<meta property=\"og:title\" content=\"CMH Lyon Campus\" \/>\n<meta property=\"og:description\" content=\"The arrival of the CMH in Lyon takes on its full meaning, capital of gastronomy, listed as a UNESCO World Heritage Site, and of Switzerland.\" \/>\n<meta property=\"og:url\" content=\"https:\/\/cmh-academy.com\/en\/lyon-campus\/\" \/>\n<meta property=\"og:site_name\" content=\"CMH\" \/>\n<meta property=\"article:modified_time\" content=\"2015-05-13T04:02:03+00:00\" \/>\n<meta name=\"twitter:card\" content=\"summary_large_image\" \/>\n<meta name=\"twitter:label1\" content=\"Est. reading time\" \/>\n\t<meta name=\"twitter:data1\" content=\"8 minutes\" \/>\n<script type=\"application\/ld+json\" class=\"yoast-schema-graph\">{\"@context\":\"https:\/\/schema.org\",\"@graph\":[{\"@type\":\"WebPage\",\"@id\":\"https:\/\/cmh-academy.com\/en\/lyon-campus\/\",\"url\":\"https:\/\/cmh-academy.com\/en\/lyon-campus\/\",\"name\":\"CMH Lyon Campus\",\"isPartOf\":{\"@id\":\"https:\/\/cmh-academy.com\/#website\"},\"datePublished\":\"2025-03-20T19:24:14+00:00\",\"dateModified\":\"2015-05-13T04:02:03+00:00\",\"description\":\"The arrival of the CMH in Lyon takes on its full meaning, capital of gastronomy, listed as a UNESCO World Heritage Site, and of Switzerland.\",\"breadcrumb\":{\"@id\":\"https:\/\/cmh-academy.com\/en\/lyon-campus\/#breadcrumb\"},\"inLanguage\":\"en-US\",\"potentialAction\":[{\"@type\":\"ReadAction\",\"target\":[\"https:\/\/cmh-academy.com\/en\/lyon-campus\/\"]}]},{\"@type\":\"BreadcrumbList\",\"@id\":\"https:\/\/cmh-academy.com\/en\/lyon-campus\/#breadcrumb\",\"itemListElement\":[{\"@type\":\"ListItem\",\"position\":1,\"name\":\"Accueil\",\"item\":\"https:\/\/cmh-academy.com\/en\/\"},{\"@type\":\"ListItem\",\"position\":2,\"name\":\"lyon-campus\"}]},{\"@type\":\"WebSite\",\"@id\":\"https:\/\/cmh-academy.com\/#website\",\"url\":\"https:\/\/cmh-academy.com\/\",\"name\":\"CMH\",\"description\":\"Centre de Management H\u00f4telier International\",\"potentialAction\":[{\"@type\":\"SearchAction\",\"target\":{\"@type\":\"EntryPoint\",\"urlTemplate\":\"https:\/\/cmh-academy.com\/?s={search_term_string}\"},\"query-input\":{\"@type\":\"PropertyValueSpecification\",\"valueRequired\":true,\"valueName\":\"search_term_string\"}}],\"inLanguage\":\"en-US\"}]}<\/script>\n<!-- \/ Yoast SEO plugin. -->","yoast_head_json":{"title":"CMH Lyon Campus","description":"The arrival of the CMH in Lyon takes on its full meaning, capital of gastronomy, listed as a UNESCO World Heritage Site, and of Switzerland.","robots":{"index":"index","follow":"follow","max-snippet":"max-snippet:-1","max-image-preview":"max-image-preview:large","max-video-preview":"max-video-preview:-1"},"canonical":"https:\/\/cmh-academy.com\/en\/lyon-campus\/","og_locale":"en_US","og_type":"article","og_title":"CMH Lyon Campus","og_description":"The arrival of the CMH in Lyon takes on its full meaning, capital of gastronomy, listed as a UNESCO World Heritage Site, and of Switzerland.","og_url":"https:\/\/cmh-academy.com\/en\/lyon-campus\/","og_site_name":"CMH","article_modified_time":"2015-05-13T04:02:03+00:00","twitter_card":"summary_large_image","twitter_misc":{"Est. reading time":"8 minutes"},"schema":{"@context":"https:\/\/schema.org","@graph":[{"@type":"WebPage","@id":"https:\/\/cmh-academy.com\/en\/lyon-campus\/","url":"https:\/\/cmh-academy.com\/en\/lyon-campus\/","name":"CMH Lyon Campus","isPartOf":{"@id":"https:\/\/cmh-academy.com\/#website"},"datePublished":"2025-03-20T19:24:14+00:00","dateModified":"2015-05-13T04:02:03+00:00","description":"The arrival of the CMH in Lyon takes on its full meaning, capital of gastronomy, listed as a UNESCO World Heritage Site, and of Switzerland.","breadcrumb":{"@id":"https:\/\/cmh-academy.com\/en\/lyon-campus\/#breadcrumb"},"inLanguage":"en-US","potentialAction":[{"@type":"ReadAction","target":["https:\/\/cmh-academy.com\/en\/lyon-campus\/"]}]},{"@type":"BreadcrumbList","@id":"https:\/\/cmh-academy.com\/en\/lyon-campus\/#breadcrumb","itemListElement":[{"@type":"ListItem","position":1,"name":"Accueil","item":"https:\/\/cmh-academy.com\/en\/"},{"@type":"ListItem","position":2,"name":"lyon-campus"}]},{"@type":"WebSite","@id":"https:\/\/cmh-academy.com\/#website","url":"https:\/\/cmh-academy.com\/","name":"CMH","description":"Centre de Management H\u00f4telier International","potentialAction":[{"@type":"SearchAction","target":{"@type":"EntryPoint","urlTemplate":"https:\/\/cmh-academy.com\/?s={search_term_string}"},"query-input":{"@type":"PropertyValueSpecification","valueRequired":true,"valueName":"search_term_string"}}],"inLanguage":"en-US"}]}},"jetpack_sharing_enabled":true,"_links":{"self":[{"href":"https:\/\/cmh-academy.com\/en\/wp-json\/wp\/v2\/pages\/16362","targetHints":{"allow":["GET"]}}],"collection":[{"href":"https:\/\/cmh-academy.com\/en\/wp-json\/wp\/v2\/pages"}],"about":[{"href":"https:\/\/cmh-academy.com\/en\/wp-json\/wp\/v2\/types\/page"}],"author":[{"embeddable":true,"href":"https:\/\/cmh-academy.com\/en\/wp-json\/wp\/v2\/users\/24"}],"replies":[{"embeddable":true,"href":"https:\/\/cmh-academy.com\/en\/wp-json\/wp\/v2\/comments?post=16362"}],"version-history":[{"count":5,"href":"https:\/\/cmh-academy.com\/en\/wp-json\/wp\/v2\/pages\/16362\/revisions"}],"predecessor-version":[{"id":17168,"href":"https:\/\/cmh-academy.com\/en\/wp-json\/wp\/v2\/pages\/16362\/revisions\/17168"}],"wp:attachment":[{"href":"https:\/\/cmh-academy.com\/en\/wp-json\/wp\/v2\/media?parent=16362"}],"curies":[{"name":"wp","href":"https:\/\/api.w.org\/{rel}","templated":true}]}}