{"id":5514,"date":"2019-11-20T10:34:07","date_gmt":"2019-11-20T09:34:07","guid":{"rendered":"https:\/\/cmh-academy.com\/?page_id=5514"},"modified":"2025-11-14T16:27:44","modified_gmt":"2025-11-14T15:27:44","slug":"international-cmh","status":"publish","type":"page","link":"https:\/\/cmh-academy.com\/en\/international-cmh\/","title":{"rendered":"INTERNATIONAL"},"content":{"rendered":"<p>[vc_section el_class=&#8221;header-cmh&#8221;][vc_row full_width=&#8221;stretch_row_content_no_spaces&#8221; full_height=&#8221;yes&#8221; css=&#8221;.vc_custom_1548683394567{background-image: url(http:\/\/cmh-academy.com\/wp-content\/uploads\/2019\/01\/intercmh.jpg?id=1763) !important;background-position: center !important;background-repeat: no-repeat !important;background-size: cover !important;}&#8221;][vc_column][vc_column_text el_class=&#8221;text_on_img&#8221;]<\/p>\n<h1 id=\"title-secondRow-firstSection\" style=\"text-align: center;\"><strong>AN INTERNATIONAL OUTLOOK AT CMH<\/strong><\/h1>\n<p style=\"text-align: center;\">50 YEARS OF EXPERTISE<\/p>\n<p>[\/vc_column_text][\/vc_column][\/vc_row][vc_row][\/vc_row][vc_column][\/vc_column][vc_column_text][\/vc_column_text][vc_row][\/vc_row][vc_column][\/vc_column][vc_column_text][\/vc_column_text][vc_row][\/vc_row][vc_column][\/vc_column][vc_column_text][\/vc_column_text][\/vc_section][vc_section el_id=&#8221;inter-rangee-2&#8243;][vc_row equal_height=&#8221;yes&#8221; content_placement=&#8221;middle&#8221;][vc_column width=&#8221;1\/2&#8243;][vc_column_text]<\/p>\n<h2 style=\"text-align: center;\"><strong>RECOGNISED INTERNATIONAL EXPERTISE<\/strong><\/h2>\n<p>&nbsp;<\/p>\n<p>CMH\u2019s international outlook is in its DNA. This international dimension allows students to be in touch with the realities of the sector and to anticipate major developments in the industry.<\/p>\n<p>Our globally recognised accreditations, RNCP in France and ACBSP in the USA, are proof of this expertise.<\/p>\n<p>This approach gives our students the opportunity to choose international destinations during their studies at CMH.<\/p>\n<p>Each student receives individual and personalised supervision during their training abroad.<\/p>\n<p>Chaque \u00e9tudiant b\u00e9n\u00e9ficie d\u2019un encadrement individuel et personnalis\u00e9 lors de sa formation \u00e0 l\u2019\u00e9tranger.[\/vc_column_text][\/vc_column][vc_column width=&#8221;1\/2&#8243;][vc_single_image image=&#8221;4029&#8243; img_size=&#8221;full&#8221; alignment=&#8221;center&#8221;][\/vc_column][\/vc_row][vc_row][\/vc_row][vc_column][\/vc_column][vc_column_text][\/vc_column_text][vc_row][\/vc_row][vc_column][\/vc_column][vc_column_text][\/vc_column_text][vc_row][\/vc_row][vc_column][\/vc_column][vc_column_text][\/vc_column_text][\/vc_section][vc_section el_id=&#8221;inter-rangee-2&#8243;][vc_row][vc_column width=&#8221;1\/3&#8243;][vc_column_text el_class=&#8221;chiffre_stat&#8221;]<\/p>\n<h1 class=\"chiffre\" style=\"text-align: center;\"><strong>+50<\/strong><\/h1>\n<h4 style=\"text-align: center;\">countries accessible<br \/>\non\u00a0internships<\/h4>\n<p>[\/vc_column_text][\/vc_column][vc_column width=&#8221;1\/3&#8243;][vc_column_text el_class=&#8221;chiffre_stat&#8221;]<\/p>\n<h1 class=\"chiffre\" style=\"text-align: center;\"><strong>2<\/strong><\/h1>\n<h4 style=\"text-align: center;\">Accreditations<br \/>\nACBSP \/ RNCP<\/h4>\n<p style=\"text-align: center;\">ACBSP \/ RNCP[\/vc_column_text][\/vc_column][vc_column width=&#8221;1\/3&#8243;][vc_column_text el_class=&#8221;chiffre_stat&#8221;]<\/p>\n<h1 class=\"chiffre\" style=\"text-align: center;\"><strong>46%<\/strong><\/h1>\n<h4 style=\"text-align: center;\">of our MBA graduates<br \/>\nall over the world<\/h4>\n<p>[\/vc_column_text][\/vc_column][\/vc_row][vc_row][\/vc_row][vc_column][\/vc_column][vc_column_text][\/vc_column_text][vc_row][\/vc_row][vc_column][\/vc_column][vc_column_text][\/vc_column_text][vc_row][\/vc_row][vc_column][\/vc_column][vc_column_text][\/vc_column_text][\/vc_section][vc_section][vc_row equal_height=&#8221;yes&#8221;][vc_column width=&#8221;1\/2&#8243;][vc_single_image image=&#8221;1790&#8243; img_size=&#8221;full&#8221; alignment=&#8221;center&#8221;][\/vc_column][vc_column width=&#8221;1\/2&#8243;][vc_column_text el_class=&#8221;golden-dots&#8221;]<\/p>\n<h2 style=\"text-align: center;\"><strong>CMH PROVIDES NUMEROUS<\/strong><br \/>\n<strong>INTERNATIONAL OPPORTUNITIES<\/strong><\/h2>\n<p>&nbsp;<\/p>\n<ul>\n<li>Programmes with an international dimension<\/li>\n<li>Courses taught in English<\/li>\n<li>Partner universities<\/li>\n<li>A campus in London Seminars abroad<\/li>\n<li>Internships around the world<\/li>\n<li>Top-level, multicultural teaching staff and an alumni network that listens to students<\/li>\n<\/ul>\n<p>[\/vc_column_text][\/vc_column][\/vc_row][\/vc_section][vc_section el_id=&#8221;pedagogie-rangee-2&#8243;][vc_row][vc_column width=&#8221;1\/3&#8243; offset=&#8221;vc_hidden-xs&#8221;][vc_column_text el_class=&#8221;border-formation&#8221;]<\/p>\n<h3 class=\"\" style=\"text-align: center;\"><a href=\"https:\/\/cmh-academy.com\/en\/companies\/\" target=\"_blank\" rel=\"noopener\"><strong>PARTNER COMPANIES<\/strong><\/a><\/h3>\n<p>[\/vc_column_text][\/vc_column][vc_column width=&#8221;1\/3&#8243; offset=&#8221;vc_hidden-xs&#8221;][vc_column_text el_class=&#8221;border-formation&#8221;]<\/p>\n<h3 class=\"\" style=\"text-align: center;\"><a href=\"https:\/\/cmh-academy.com\/en\/seminars-abroad\/\"><strong>SEMINARS ABROAD<\/strong><\/a><\/h3>\n<p>[\/vc_column_text][\/vc_column][vc_column width=&#8221;1\/3&#8243; offset=&#8221;vc_hidden-xs&#8221;][vc_column_text el_class=&#8221;border-formation&#8221;]<\/p>\n<h3 class=\"\" style=\"text-align: center;\"><a href=\"https:\/\/cmh-academy.com\/en\/programs\/program-presentation\/\"><strong>COURSES<\/strong><\/a><\/h3>\n<p>[\/vc_column_text][\/vc_column][\/vc_row][vc_row][vc_column offset=&#8221;vc_hidden-lg vc_hidden-md vc_hidden-sm&#8221;]<div id=\"ult-carousel-131710694669f2e8291dcb4\" class=\"ult-carousel-wrapper   ult_horizontal\" data-gutter=\"15\" data-rtl=\"false\" ><div class=\"ult-carousel-257963125069f2e8291dc1d \" >[vc_column_text el_class=&#8221;border-formation&#8221;]<\/p>\n<h3 class=\"\" style=\"text-align: center;\"><a href=\"https:\/\/demo.cmh-academy.com\/en\/entreprises\/\" target=\"_blank\" rel=\"noopener\"><strong>PARTNER COMPANIES<\/strong><\/a><\/h3>\n<p>[\/vc_column_text][vc_column_text el_class=&#8221;border-formation&#8221;]<\/p>\n<h3 class=\"\" style=\"text-align: center;\"><a href=\"https:\/\/demo.cmh-academy.com\/en\/seminaires-a-letranger\/\"><strong>SEMINARS ABROAD<\/strong><\/a><\/h3>\n<p>[\/vc_column_text][vc_column_text el_class=&#8221;border-formation&#8221;]<\/p>\n<h3 class=\"\" style=\"text-align: center;\"><a href=\"https:\/\/demo.cmh-academy.com\/en\/formations\/presentation-des-formations\/\"><strong>COURSES<\/strong><\/a><\/h3>\n<p>[\/vc_column_text]<\/div><\/div>\t\t\t<script type=\"text\/javascript\">\n\t\t\t\tjQuery(document).ready(function ($) {\n\t\t\t\t\tif( typeof jQuery('.ult-carousel-257963125069f2e8291dc1d').slick == \"function\"){\n\t\t\t\t\t\t$('.ult-carousel-257963125069f2e8291dc1d').slick({dots: true,autoplay: true,autoplaySpeed: 5000,speed: 300,infinite: true,arrows: false,slidesToScroll:5,slidesToShow:5,swipe: true,draggable: true,touchMove: true,pauseOnHover: true,pauseOnFocus: false,responsive: [\n\t\t\t\t\t\t\t{\n\t\t\t\t\t\t\t  breakpoint: 1026,\n\t\t\t\t\t\t\t  settings: {\n\t\t\t\t\t\t\t\tslidesToShow: 5,\n\t\t\t\t\t\t\t\tslidesToScroll: 5,  \n\t\t\t\t\t\t\t  }\n\t\t\t\t\t\t\t},\n\t\t\t\t\t\t\t{\n\t\t\t\t\t\t\t  breakpoint: 1025,\n\t\t\t\t\t\t\t  settings: {\n\t\t\t\t\t\t\t\tslidesToShow: 3,\n\t\t\t\t\t\t\t\tslidesToScroll: 3\n\t\t\t\t\t\t\t  }\n\t\t\t\t\t\t\t},\n\t\t\t\t\t\t\t{\n\t\t\t\t\t\t\t  breakpoint: 760,\n\t\t\t\t\t\t\t  settings: {\n\t\t\t\t\t\t\t\tslidesToShow: 1,\n\t\t\t\t\t\t\t\tslidesToScroll: 1\n\t\t\t\t\t\t\t  }\n\t\t\t\t\t\t\t}\n\t\t\t\t\t\t],pauseOnDotsHover: true,customPaging: function(slider, i) {\n                   return '<i type=\"button\" style= \"color:#333333;\" class=\"ultsl-record\" data-role=\"none\"><\/i>';\n                },});\n\t\t\t\t\t}\n\t\t\t\t});\n\t\t\t<\/script>\n\t\t\t[\/vc_column][\/vc_row][vc_column][\/vc_column][vc_column_text][\/vc_column_text][vc_column][\/vc_column][vc_column_text][\/vc_column_text][vc_column][\/vc_column][vc_column_text][\/vc_column_text][\/vc_section][vc_section][vc_row][vc_column offset=&#8221;vc_hidden-sm vc_hidden-xs&#8221;]<div class=\"ult-spacer spacer-69f2e8291dd3c\" data-id=\"69f2e8291dd3c\" data-height=\"70\" data-height-mobile=\"20\" data-height-tab=\"20\" data-height-tab-portrait=\"20\" data-height-mobile-landscape=\"20\" style=\"clear:both;display:block;\"><\/div>[vc_column_text]<\/p>\n<h2 style=\"text-align: center;\">INTERNATIONAL TRAINING<\/h2>\n<p>[\/vc_column_text][vc_row_inner el_class=&#8221;d-flex-home&#8221;][vc_column_inner width=&#8221;1\/2&#8243;][vc_column_text css=&#8221;.vc_custom_1763133448502{border-radius: 1px !important;}&#8221; el_class=&#8221;bloc-metier&#8221;]<\/p>\n<p style=\"text-align: center;\"><a style=\"display: block; height: 100%;\" href=\"https:\/\/cmh-academy.com\/en\/programs\/international-bachelor-in-hotel-tourism-management-3-years\/\"><span style=\"text-align: center; display: block;\">INTERNATIONAL BACHELOR<\/span><span style=\"text-align: center; display: block;\">IN LUXURY HOTEL &amp; TOURISM MANAGEMENT<\/span><br \/>\n<span style=\"text-align: center; display: block;\">LEVEL 6 PROFESSIONAL CERTIFICATION<\/span><br \/>\n<span style=\"text-align: center; display: block;\">180 CREDITS ECTS<\/span><\/a><\/p>\n<p>&nbsp;<\/p>\n<p><span style=\"text-align: center; display: block;\">________ <strong>3 ANS<\/strong> ________<\/span>[\/vc_column_text][\/vc_column_inner][vc_column_inner width=&#8221;1\/2&#8243;][vc_column_text el_class=&#8221;bloc-metier&#8221;]<\/p>\n<p style=\"text-align: center;\"><a style=\"display: block; height: 100%;\" href=\"https:\/\/cmh-academy.com\/en\/programs\/mba-international-hospitality-and-luxury-event-management-2-years\/\"><span style=\"text-align: center; display: block;\">MBA<\/span><span style=\"text-align: center; display: block;\">INTERNATIONAL HOSPITALITY AND LUXURY EVENT MANAGEMENT<\/span><br \/>\n<span style=\"text-align: center; display: block;\">LEVEL 7 PROFESSIONAL CERTIFICATION<\/span><br \/>\n<span style=\"text-align: center; display: block;\">120 CREDITS ECTS<\/span><\/a><\/p>\n<p>&nbsp;<\/p>\n<p><span style=\"text-align: center; display: block;\">________ <strong>2 ANS<\/strong> ________<\/span>[\/vc_column_text][\/vc_column_inner][\/vc_row_inner][\/vc_column][\/vc_row][vc_row bg_type=&#8221;bg_color&#8221; bg_override=&#8221;full&#8221; bg_color_value=&#8221;#ece7e4&#8243;][vc_column offset=&#8221;vc_hidden-lg vc_hidden-md&#8221;][vc_column_text]<\/p>\n<h2 style=\"text-align: center;\">FAITES DE <span class=\"gold\">VOTRE PASSION<br \/>\nUN M\u00c9TIER<\/span> AVEC NOS FORMATIONS<\/h2>\n<p>[\/vc_column_text]<div id=\"ult-carousel-19877539769f2e8291dd75\" class=\"ult-carousel-wrapper   ult_horizontal\" data-gutter=\"15\" data-rtl=\"false\" ><div class=\"ult-carousel-140447701969f2e8291dd62 \" >[vc_column_text el_class=&#8221;bloc-metier&#8221;]<\/p>\n<p style=\"text-align: center;\"><a style=\"display: block; height: 100%;\" href=\"https:\/\/cmh-academy.com\/en\/programs\/international-bachelor-in-hotel-tourism-management-3-years\/\"><span style=\"text-align: center; display: block;\">INTERNATIONAL BACHELOR<\/span><span style=\"text-align: center; display: block;\">IN LUXURY HOTEL &amp; TOURISM MANAGEMENT<\/span><br \/>\n<span style=\"text-align: center; display: block;\">LEVEL 6 PROFESSIONAL CERTIFICATION<\/span><br \/>\n<span style=\"text-align: center; display: block;\">180 CREDITS ECTS<\/span><\/a><\/p>\n<p>&nbsp;<\/p>\n<p><span style=\"text-align: center; display: block;\">________ <strong>3 ANS<\/strong> ________<\/span>[\/vc_column_text][vc_column_text el_class=&#8221;bloc-metier center-bloc&#8221;]<\/p>\n<p style=\"text-align: center;\"><a style=\"display: block; height: 100%;\" href=\"https:\/\/cmh-academy.com\/en\/programs\/mba-international-hospitality-and-luxury-event-management-2-years\/\"><span style=\"text-align: center; display: block;\">MBA<\/span><span style=\"text-align: center; display: block;\">INTERNATIONAL HOSPITALITY AND LUXURY EVENT MANAGEMENT<\/span><br \/>\n<span style=\"text-align: center; display: block;\">LEVEL 7 PROFESSIONAL CERTIFICATION<\/span><br \/>\n<span style=\"text-align: center; display: block;\">120 CREDITS ECTS<\/span><\/a><\/p>\n<p>&nbsp;<\/p>\n<p><span style=\"text-align: center; display: block;\">________ <strong>2 ANS<\/strong> ________<\/span>[\/vc_column_text]<\/div><\/div>\t\t\t<script type=\"text\/javascript\">\n\t\t\t\tjQuery(document).ready(function ($) {\n\t\t\t\t\tif( typeof jQuery('.ult-carousel-140447701969f2e8291dd62').slick == \"function\"){\n\t\t\t\t\t\t$('.ult-carousel-140447701969f2e8291dd62').slick({dots: true,autoplay: true,autoplaySpeed: 5000,speed: 300,infinite: true,arrows: false,slidesToScroll:5,slidesToShow:5,swipe: true,draggable: true,touchMove: true,pauseOnHover: true,pauseOnFocus: false,responsive: [\n\t\t\t\t\t\t\t{\n\t\t\t\t\t\t\t  breakpoint: 1026,\n\t\t\t\t\t\t\t  settings: {\n\t\t\t\t\t\t\t\tslidesToShow: 5,\n\t\t\t\t\t\t\t\tslidesToScroll: 5,  \n\t\t\t\t\t\t\t  }\n\t\t\t\t\t\t\t},\n\t\t\t\t\t\t\t{\n\t\t\t\t\t\t\t  breakpoint: 1025,\n\t\t\t\t\t\t\t  settings: {\n\t\t\t\t\t\t\t\tslidesToShow: 2,\n\t\t\t\t\t\t\t\tslidesToScroll: 2\n\t\t\t\t\t\t\t  }\n\t\t\t\t\t\t\t},\n\t\t\t\t\t\t\t{\n\t\t\t\t\t\t\t  breakpoint: 760,\n\t\t\t\t\t\t\t  settings: {\n\t\t\t\t\t\t\t\tslidesToShow: 1,\n\t\t\t\t\t\t\t\tslidesToScroll: 1\n\t\t\t\t\t\t\t  }\n\t\t\t\t\t\t\t}\n\t\t\t\t\t\t],pauseOnDotsHover: true,customPaging: function(slider, i) {\n                   return '<i type=\"button\" style= \"color:#333333;\" class=\"ultsl-record\" data-role=\"none\"><\/i>';\n                },});\n\t\t\t\t\t}\n\t\t\t\t});\n\t\t\t<\/script>\n\t\t\t[\/vc_column][\/vc_row][vc_row][\/vc_row][vc_column][\/vc_column][vc_column_text][\/vc_column_text][vc_row][\/vc_row][vc_column][\/vc_column][vc_column_text][\/vc_column_text][vc_row][\/vc_row][vc_column][\/vc_column][vc_column_text][\/vc_column_text][\/vc_section]<\/p>\n","protected":false},"excerpt":{"rendered":"<p>[vc_section el_class=&#8221;header-cmh&#8221;][vc_row full_width=&#8221;stretch_row_content_no_spaces&#8221; full_height=&#8221;yes&#8221; css=&#8221;.vc_custom_1548683394567{background-image: url(http:\/\/cmh-academy.com\/wp-content\/uploads\/2019\/01\/intercmh.jpg?id=1763) !important;background-position: center !important;background-repeat: no-repeat !important;background-size: cover !important;}&#8221;][vc_column][vc_column_text el_class=&#8221;text_on_img&#8221;] AN INTERNATIONAL OUTLOOK AT CMH 50 YEARS OF EXPERTISE [\/vc_column_text][\/vc_column][\/vc_row][vc_row][\/vc_row][vc_column][\/vc_column][vc_column_text][\/vc_column_text][vc_row][\/vc_row][vc_column][\/vc_column][vc_column_text][\/vc_column_text][vc_row][\/vc_row][vc_column][\/vc_column][vc_column_text][\/vc_column_text][\/vc_section][vc_section el_id=&#8221;inter-rangee-2&#8243;][vc_row equal_height=&#8221;yes&#8221; content_placement=&#8221;middle&#8221;][vc_column width=&#8221;1\/2&#8243;][vc_column_text] RECOGNISED INTERNATIONAL EXPERTISE &nbsp; CMH\u2019s international outlook is in its DNA. This international dimension allows students to be in touch with the realities of the sector and&hellip;<\/p>\n","protected":false},"author":24,"featured_media":0,"parent":0,"menu_order":0,"comment_status":"closed","ping_status":"closed","template":"","meta":{"footnotes":""},"class_list":["post-5514","page","type-page","status-publish","hentry","description-off"],"yoast_head":"<!-- This site is optimized with the Yoast SEO plugin v24.2 - https:\/\/yoast.com\/wordpress\/plugins\/seo\/ -->\n<title>INTERNATIONAL - CMH<\/title>\n<meta name=\"robots\" content=\"index, follow, max-snippet:-1, max-image-preview:large, max-video-preview:-1\" \/>\n<link rel=\"canonical\" href=\"https:\/\/cmh-academy.com\/en\/international-cmh\/\" \/>\n<meta property=\"og:locale\" content=\"en_US\" \/>\n<meta property=\"og:type\" content=\"article\" \/>\n<meta property=\"og:title\" content=\"INTERNATIONAL - CMH\" \/>\n<meta property=\"og:description\" content=\"[vc_section el_class=&#8221;header-cmh&#8221;][vc_row full_width=&#8221;stretch_row_content_no_spaces&#8221; full_height=&#8221;yes&#8221; css=&#8221;.vc_custom_1548683394567{background-image: url(http:\/\/cmh-academy.com\/wp-content\/uploads\/2019\/01\/intercmh.jpg?id=1763) !important;background-position: center !important;background-repeat: no-repeat !important;background-size: cover !important;}&#8221;][vc_column][vc_column_text el_class=&#8221;text_on_img&#8221;] AN INTERNATIONAL OUTLOOK AT CMH 50 YEARS OF EXPERTISE [\/vc_column_text][\/vc_column][\/vc_row][vc_row][\/vc_row][vc_column][\/vc_column][vc_column_text][\/vc_column_text][vc_row][\/vc_row][vc_column][\/vc_column][vc_column_text][\/vc_column_text][vc_row][\/vc_row][vc_column][\/vc_column][vc_column_text][\/vc_column_text][\/vc_section][vc_section el_id=&#8221;inter-rangee-2&#8243;][vc_row equal_height=&#8221;yes&#8221; content_placement=&#8221;middle&#8221;][vc_column width=&#8221;1\/2&#8243;][vc_column_text] RECOGNISED INTERNATIONAL EXPERTISE &nbsp; CMH\u2019s international outlook is in its DNA. This international dimension allows students to be in touch with the realities of the sector and&hellip;\" \/>\n<meta property=\"og:url\" content=\"https:\/\/cmh-academy.com\/en\/international-cmh\/\" \/>\n<meta property=\"og:site_name\" content=\"CMH\" \/>\n<meta property=\"article:modified_time\" content=\"2025-11-14T15:27:44+00:00\" \/>\n<meta name=\"twitter:card\" content=\"summary_large_image\" \/>\n<meta name=\"twitter:label1\" content=\"Est. reading time\" \/>\n\t<meta name=\"twitter:data1\" content=\"4 minutes\" \/>\n<script type=\"application\/ld+json\" class=\"yoast-schema-graph\">{\"@context\":\"https:\/\/schema.org\",\"@graph\":[{\"@type\":\"WebPage\",\"@id\":\"https:\/\/cmh-academy.com\/en\/international-cmh\/\",\"url\":\"https:\/\/cmh-academy.com\/en\/international-cmh\/\",\"name\":\"INTERNATIONAL - CMH\",\"isPartOf\":{\"@id\":\"https:\/\/cmh-academy.com\/#website\"},\"datePublished\":\"2019-11-20T09:34:07+00:00\",\"dateModified\":\"2025-11-14T15:27:44+00:00\",\"breadcrumb\":{\"@id\":\"https:\/\/cmh-academy.com\/en\/international-cmh\/#breadcrumb\"},\"inLanguage\":\"en-US\",\"potentialAction\":[{\"@type\":\"ReadAction\",\"target\":[\"https:\/\/cmh-academy.com\/en\/international-cmh\/\"]}]},{\"@type\":\"BreadcrumbList\",\"@id\":\"https:\/\/cmh-academy.com\/en\/international-cmh\/#breadcrumb\",\"itemListElement\":[{\"@type\":\"ListItem\",\"position\":1,\"name\":\"Accueil\",\"item\":\"https:\/\/cmh-academy.com\/en\/\"},{\"@type\":\"ListItem\",\"position\":2,\"name\":\"INTERNATIONAL\"}]},{\"@type\":\"WebSite\",\"@id\":\"https:\/\/cmh-academy.com\/#website\",\"url\":\"https:\/\/cmh-academy.com\/\",\"name\":\"CMH\",\"description\":\"Centre de Management H\u00f4telier International\",\"potentialAction\":[{\"@type\":\"SearchAction\",\"target\":{\"@type\":\"EntryPoint\",\"urlTemplate\":\"https:\/\/cmh-academy.com\/?s={search_term_string}\"},\"query-input\":{\"@type\":\"PropertyValueSpecification\",\"valueRequired\":true,\"valueName\":\"search_term_string\"}}],\"inLanguage\":\"en-US\"}]}<\/script>\n<!-- \/ Yoast SEO plugin. -->","yoast_head_json":{"title":"INTERNATIONAL - CMH","robots":{"index":"index","follow":"follow","max-snippet":"max-snippet:-1","max-image-preview":"max-image-preview:large","max-video-preview":"max-video-preview:-1"},"canonical":"https:\/\/cmh-academy.com\/en\/international-cmh\/","og_locale":"en_US","og_type":"article","og_title":"INTERNATIONAL - CMH","og_description":"[vc_section el_class=&#8221;header-cmh&#8221;][vc_row full_width=&#8221;stretch_row_content_no_spaces&#8221; full_height=&#8221;yes&#8221; css=&#8221;.vc_custom_1548683394567{background-image: url(http:\/\/cmh-academy.com\/wp-content\/uploads\/2019\/01\/intercmh.jpg?id=1763) !important;background-position: center !important;background-repeat: no-repeat !important;background-size: cover !important;}&#8221;][vc_column][vc_column_text el_class=&#8221;text_on_img&#8221;] AN INTERNATIONAL OUTLOOK AT CMH 50 YEARS OF EXPERTISE [\/vc_column_text][\/vc_column][\/vc_row][vc_row][\/vc_row][vc_column][\/vc_column][vc_column_text][\/vc_column_text][vc_row][\/vc_row][vc_column][\/vc_column][vc_column_text][\/vc_column_text][vc_row][\/vc_row][vc_column][\/vc_column][vc_column_text][\/vc_column_text][\/vc_section][vc_section el_id=&#8221;inter-rangee-2&#8243;][vc_row equal_height=&#8221;yes&#8221; content_placement=&#8221;middle&#8221;][vc_column width=&#8221;1\/2&#8243;][vc_column_text] RECOGNISED INTERNATIONAL EXPERTISE &nbsp; CMH\u2019s international outlook is in its DNA. This international dimension allows students to be in touch with the realities of the sector and&hellip;","og_url":"https:\/\/cmh-academy.com\/en\/international-cmh\/","og_site_name":"CMH","article_modified_time":"2025-11-14T15:27:44+00:00","twitter_card":"summary_large_image","twitter_misc":{"Est. reading time":"4 minutes"},"schema":{"@context":"https:\/\/schema.org","@graph":[{"@type":"WebPage","@id":"https:\/\/cmh-academy.com\/en\/international-cmh\/","url":"https:\/\/cmh-academy.com\/en\/international-cmh\/","name":"INTERNATIONAL - CMH","isPartOf":{"@id":"https:\/\/cmh-academy.com\/#website"},"datePublished":"2019-11-20T09:34:07+00:00","dateModified":"2025-11-14T15:27:44+00:00","breadcrumb":{"@id":"https:\/\/cmh-academy.com\/en\/international-cmh\/#breadcrumb"},"inLanguage":"en-US","potentialAction":[{"@type":"ReadAction","target":["https:\/\/cmh-academy.com\/en\/international-cmh\/"]}]},{"@type":"BreadcrumbList","@id":"https:\/\/cmh-academy.com\/en\/international-cmh\/#breadcrumb","itemListElement":[{"@type":"ListItem","position":1,"name":"Accueil","item":"https:\/\/cmh-academy.com\/en\/"},{"@type":"ListItem","position":2,"name":"INTERNATIONAL"}]},{"@type":"WebSite","@id":"https:\/\/cmh-academy.com\/#website","url":"https:\/\/cmh-academy.com\/","name":"CMH","description":"Centre de Management H\u00f4telier International","potentialAction":[{"@type":"SearchAction","target":{"@type":"EntryPoint","urlTemplate":"https:\/\/cmh-academy.com\/?s={search_term_string}"},"query-input":{"@type":"PropertyValueSpecification","valueRequired":true,"valueName":"search_term_string"}}],"inLanguage":"en-US"}]}},"jetpack_sharing_enabled":true,"_links":{"self":[{"href":"https:\/\/cmh-academy.com\/en\/wp-json\/wp\/v2\/pages\/5514","targetHints":{"allow":["GET"]}}],"collection":[{"href":"https:\/\/cmh-academy.com\/en\/wp-json\/wp\/v2\/pages"}],"about":[{"href":"https:\/\/cmh-academy.com\/en\/wp-json\/wp\/v2\/types\/page"}],"author":[{"embeddable":true,"href":"https:\/\/cmh-academy.com\/en\/wp-json\/wp\/v2\/users\/24"}],"replies":[{"embeddable":true,"href":"https:\/\/cmh-academy.com\/en\/wp-json\/wp\/v2\/comments?post=5514"}],"version-history":[{"count":38,"href":"https:\/\/cmh-academy.com\/en\/wp-json\/wp\/v2\/pages\/5514\/revisions"}],"predecessor-version":[{"id":18519,"href":"https:\/\/cmh-academy.com\/en\/wp-json\/wp\/v2\/pages\/5514\/revisions\/18519"}],"wp:attachment":[{"href":"https:\/\/cmh-academy.com\/en\/wp-json\/wp\/v2\/media?parent=5514"}],"curies":[{"name":"wp","href":"https:\/\/api.w.org\/{rel}","templated":true}]}}